{"id":41,"date":"2023-01-12T17:12:05","date_gmt":"2023-01-12T16:12:05","guid":{"rendered":"http:\/\/localhost\/multisito\/portogallo\/?page_id=41"},"modified":"2023-05-18T15:21:52","modified_gmt":"2023-05-18T13:21:52","slug":"funcoes-do-banco","status":"publish","type":"page","link":"https:\/\/eschoolbank.com\/portogallo\/","title":{"rendered":"Fun\u00e7\u00f5es do banco"},"content":{"rendered":"<p>O banco e-School, a n\u00edvel da UE, oferece aos seus clientes uma gama completa de servi\u00e7os banc\u00e1rios e diversos servi\u00e7os financeiros.<\/p>\n<p>Al\u00e9m da rede de ag\u00eancias, procuramos desenvolver e melhorar os canais alternativos de modo a facilitar ao m\u00e1ximo os neg\u00f3cios e as intera\u00e7\u00f5es.<\/p>\n","protected":false},"excerpt":{"rendered":"<p>O banco e-School, a n\u00edvel da UE, oferece aos seus clientes uma gama completa de servi\u00e7os banc\u00e1rios e diversos servi\u00e7os financeiros. Al\u00e9m da rede de ag\u00eancias, procuramos desenvolver e melhorar os canais alternativos de modo a facilitar ao m\u00e1ximo os neg\u00f3cios e as intera\u00e7\u00f5es.<\/p>\n","protected":false},"author":1,"featured_media":0,"parent":0,"menu_order":0,"comment_status":"closed","ping_status":"closed","template":"","meta":{"footnotes":""},"class_list":["post-41","page","type-page","status-publish","hentry"],"_links":{"self":[{"href":"https:\/\/eschoolbank.com\/portogallo\/wp-json\/wp\/v2\/pages\/41"}],"collection":[{"href":"https:\/\/eschoolbank.com\/portogallo\/wp-json\/wp\/v2\/pages"}],"about":[{"href":"https:\/\/eschoolbank.com\/portogallo\/wp-json\/wp\/v2\/types\/page"}],"author":[{"embeddable":true,"href":"https:\/\/eschoolbank.com\/portogallo\/wp-json\/wp\/v2\/users\/1"}],"replies":[{"embeddable":true,"href":"https:\/\/eschoolbank.com\/portogallo\/wp-json\/wp\/v2\/comments?post=41"}],"version-history":[{"count":4,"href":"https:\/\/eschoolbank.com\/portogallo\/wp-json\/wp\/v2\/pages\/41\/revisions"}],"predecessor-version":[{"id":146,"href":"https:\/\/eschoolbank.com\/portogallo\/wp-json\/wp\/v2\/pages\/41\/revisions\/146"}],"wp:attachment":[{"href":"https:\/\/eschoolbank.com\/portogallo\/wp-json\/wp\/v2\/media?parent=41"}],"curies":[{"name":"wp","href":"https:\/\/api.w.org\/{rel}","templated":true}]}}