{"id":45,"date":"2023-01-08T09:39:10","date_gmt":"2023-01-08T08:39:10","guid":{"rendered":"http:\/\/localhost\/multisito\/?page_id=45"},"modified":"2023-07-22T14:27:08","modified_gmt":"2023-07-22T12:27:08","slug":"others","status":"publish","type":"page","link":"https:\/\/eschoolbank.com\/?page_id=45","title":{"rendered":"About Meetings"},"content":{"rendered":"\n<p><\/p>\n\n\n\n<div class=\"wp-block-media-text is-stacked-on-mobile\"><figure class=\"wp-block-media-text__media\"><img loading=\"lazy\" decoding=\"async\" width=\"496\" height=\"709\" src=\"https:\/\/eschoolbank.com\/wp-content\/uploads\/2023\/05\/Manifesto_Port.png\" alt=\"\" class=\"wp-image-110 size-full\" srcset=\"https:\/\/eschoolbank.com\/wp-content\/uploads\/2023\/05\/Manifesto_Port.png 496w, https:\/\/eschoolbank.com\/wp-content\/uploads\/2023\/05\/Manifesto_Port-210x300.png 210w\" sizes=\"(max-width: 496px) 100vw, 496px\" \/><\/figure><div class=\"wp-block-media-text__content\">\n<p><strong>Meeting in Lisbon &#8211; May 2022<\/strong><\/p>\n\n\n\n<p>The Erasmus+ project E-School Bank brought together three European schools &#8211; Cam\u00f5es Secondary School in Lisbon, Portugal; The School of Economy and Trade in Dubrovnik, Croatia; and Galileo Ferraris Institute of Superior Secondary Instruction in Molfetta, Italy &#8211; with the goal of enhancing students&#8217; financial literacy. The visit began with a school tour and a welcome meeting in Cam\u00f5es Secondary School. The teachers also explored a local market and enjoyed traditional Portuguese food. They later visited popular tourist spots in Bel\u00e9m, including the Jardim de Bel\u00e9m and the Torre de Bel\u00e9m, and tasted the famous Past\u00e9is de Bel\u00e9m. The following days involved presentations on various project aspects, IT and economics classes, city tours, and a visit to the Castelo de S. Jorge. The teachers concluded their visit with discussions on project proposals and a certificate ceremony.<\/p>\n<\/div><\/div>\n\n\n\n<p><\/p>\n\n\n\n<div class=\"wp-block-media-text is-stacked-on-mobile\"><figure class=\"wp-block-media-text__media\"><img loading=\"lazy\" decoding=\"async\" width=\"717\" height=\"1024\" src=\"https:\/\/eschoolbank.com\/wp-content\/uploads\/2023\/01\/manifesto_benevenuti_web-717x1024.jpg\" alt=\"\" class=\"wp-image-79 size-full\" srcset=\"https:\/\/eschoolbank.com\/wp-content\/uploads\/2023\/01\/manifesto_benevenuti_web-717x1024.jpg 717w, https:\/\/eschoolbank.com\/wp-content\/uploads\/2023\/01\/manifesto_benevenuti_web-210x300.jpg 210w, https:\/\/eschoolbank.com\/wp-content\/uploads\/2023\/01\/manifesto_benevenuti_web-768x1097.jpg 768w, https:\/\/eschoolbank.com\/wp-content\/uploads\/2023\/01\/manifesto_benevenuti_web-1075x1536.jpg 1075w, https:\/\/eschoolbank.com\/wp-content\/uploads\/2023\/01\/manifesto_benevenuti_web-1433x2048.jpg 1433w, https:\/\/eschoolbank.com\/wp-content\/uploads\/2023\/01\/manifesto_benevenuti_web-1140x1629.jpg 1140w, https:\/\/eschoolbank.com\/wp-content\/uploads\/2023\/01\/manifesto_benevenuti_web-scaled.jpg 1792w\" sizes=\"(max-width: 717px) 100vw, 717px\" \/><\/figure><div class=\"wp-block-media-text__content\">\n<p><strong>Meeting in Molfetta &#8211; October 2022<\/strong><\/p>\n\n\n\n<p>The second mobility of the Erasmus Plus Project Ka220-Vet E-Sb (e-School bank) took place in Molfetta, Italy, from 9th to 13th October 2022. During the Italian mobility, teachers had work sessions to assess the progress made and prepare for the next mobility in Dubrovnik, Croatia. The event provided a valuable opportunity for exchange and enrichment, fostering conversations and interaction among participants. The students of the G. Ferraris school in Molfetta, selected for the final phase of the project in May 2023, actively participated by welcoming guests, serving as guides and experts in computer systems. Alongside project activities, guided tours were organized to explore the cities of Trani, Bari, Polignano, and Alberobello, allowing for cultural and social experiences while showcasing the beauty of the Apulia region.<\/p>\n<\/div><\/div>\n\n\n\n<p><\/p>\n\n\n\n<div class=\"wp-block-media-text is-stacked-on-mobile\"><figure class=\"wp-block-media-text__media\"><img loading=\"lazy\" decoding=\"async\" width=\"731\" height=\"1024\" src=\"https:\/\/eschoolbank.com\/wp-content\/uploads\/2023\/03\/Manifesto-Croazia-731x1024.jpg\" alt=\"\" class=\"wp-image-101 size-full\" srcset=\"https:\/\/eschoolbank.com\/wp-content\/uploads\/2023\/03\/Manifesto-Croazia-731x1024.jpg 731w, https:\/\/eschoolbank.com\/wp-content\/uploads\/2023\/03\/Manifesto-Croazia-214x300.jpg 214w, https:\/\/eschoolbank.com\/wp-content\/uploads\/2023\/03\/Manifesto-Croazia-768x1076.jpg 768w, https:\/\/eschoolbank.com\/wp-content\/uploads\/2023\/03\/Manifesto-Croazia-1096x1536.jpg 1096w, https:\/\/eschoolbank.com\/wp-content\/uploads\/2023\/03\/Manifesto-Croazia-1140x1598.jpg 1140w, https:\/\/eschoolbank.com\/wp-content\/uploads\/2023\/03\/Manifesto-Croazia.jpg 1419w\" sizes=\"(max-width: 731px) 100vw, 731px\" \/><\/figure><div class=\"wp-block-media-text__content\">\n<p><strong>Meeting in Dubrovnik &#8211; March 2023<\/strong><\/p>\n\n\n\n<p>The first Croatian Mobility of the e-school Bank project took place in Dubrovnik from 27th to 30th March. The teams from Croatia, Italy, and Portugal focused on further developing the project while exploring Dubrovnik&#8217;s attractions. The Portuguese team started by visiting the old town and Banje beach. The Italian team joined the meetings on Tuesday, where they discussed intellectual outputs and worked on program development, application, brochure, and web page development. The mobility also included a certificate ceremony in Konavle, where they enjoyed Croatian cuisine and learned about regional products. <\/p>\n\n\n\n<p>On the final day, we had a meeting to discuss future activities and proposals.<\/p>\n<\/div><\/div>\n\n\n\n<p><\/p>\n\n\n\n<div class=\"wp-block-media-text is-stacked-on-mobile\"><figure class=\"wp-block-media-text__media\"><img loading=\"lazy\" decoding=\"async\" width=\"731\" height=\"1024\" src=\"https:\/\/eschoolbank.com\/wp-content\/uploads\/2023\/05\/Plakat-e-School-bank-25-\u00d7-35-cm-731x1024.png\" alt=\"\" class=\"wp-image-111 size-full\" srcset=\"https:\/\/eschoolbank.com\/wp-content\/uploads\/2023\/05\/Plakat-e-School-bank-25-\u00d7-35-cm-731x1024.png 731w, https:\/\/eschoolbank.com\/wp-content\/uploads\/2023\/05\/Plakat-e-School-bank-25-\u00d7-35-cm-214x300.png 214w, https:\/\/eschoolbank.com\/wp-content\/uploads\/2023\/05\/Plakat-e-School-bank-25-\u00d7-35-cm-768x1075.png 768w, https:\/\/eschoolbank.com\/wp-content\/uploads\/2023\/05\/Plakat-e-School-bank-25-\u00d7-35-cm.png 945w\" sizes=\"(max-width: 731px) 100vw, 731px\" \/><\/figure><div class=\"wp-block-media-text__content\">\n<p><strong>Final Meeting in Dubrovnik &#8211; May 2023<\/strong><\/p>\n\n\n\n<p>The Erasmus+ project e-School Bank once again brought together three European schools \u2013 I.I.S.S. Galileo Ferraris (It), ES de Cam\u00f5es (Pt) and the High school of Economy and trade (Cro) this time in Dubrovnik, Croatia. The purpose of this final meeting was to bring to its end all projects intelectual outputs. After a short presentation of High school of Economy and trade to our partners and their students, we all started on working together on translating the brochure, adding some final tweaks to it, finishing the guides together, updating e-SB program, web page&#8230;  The mobility once again included a certificate ceremony in Konavle, a part of Dubrovnik region, where we enjoyed Croatian cuisine and learned about regional products. <\/p>\n<\/div><\/div>\n","protected":false},"excerpt":{"rendered":"<p>Meeting in Lisbon &#8211; May 2022 The Erasmus+ project E-School Bank brought together three European schools &#8211; Cam\u00f5es Secondary School in Lisbon, Portugal; The School of Economy and Trade in Dubrovnik, Croatia; and Galileo Ferraris Institute of Superior Secondary Instruction in Molfetta, Italy &#8211; with the goal of enhancing students&#8217; financial literacy. The visit began with a school tour and a welcome meeting in Cam\u00f5es Secondary School. The teachers also explored a local market and enjoyed traditional Portuguese food. They later visited popular tourist spots in Bel\u00e9m, including the Jardim de Bel\u00e9m and the Torre de Bel\u00e9m, and tasted the famous Past\u00e9is de Bel\u00e9m. The following days involved presentations on various project aspects, IT and economics classes, city tours, and a visit to the Castelo de S. Jorge. The teachers concluded their visit with discussions on project proposals and a certificate ceremony. Meeting in Molfetta &#8211; October 2022 The second mobility of the Erasmus Plus Project Ka220-Vet E-Sb (e-School bank) took place in Molfetta, Italy, from 9th to 13th October 2022. During the Italian mobility, teachers had work sessions to assess the progress made and prepare for the next mobility in Dubrovnik, Croatia. The event provided a valuable opportunity for exchange and enrichment, fostering conversations and interaction among participants. The students of the G. Ferraris school in Molfetta, selected for the final phase of the project in May 2023, actively participated by welcoming guests, serving as guides and experts in computer systems. Alongside project activities, guided tours were organized to explore the cities of Trani, Bari, Polignano, and Alberobello, allowing for cultural and social experiences while showcasing the beauty of the Apulia region. Meeting in Dubrovnik &#8211; March 2023 The first Croatian Mobility of the e-school Bank project took place in Dubrovnik from 27th to 30th March. The teams from Croatia, Italy, and Portugal focused on further developing the project while exploring Dubrovnik&#8217;s attractions. The Portuguese team started by visiting the old town and Banje beach. The Italian team joined the meetings on Tuesday, where they discussed intellectual outputs and worked on program development, application, brochure, and web page development. The mobility also included a certificate ceremony in Konavle, where they enjoyed Croatian cuisine and learned about regional products. On the final day, we had a meeting to discuss future activities and proposals. Final Meeting in Dubrovnik &#8211; May 2023 The Erasmus+ project e-School Bank once again brought together three European schools \u2013 I.I.S.S. Galileo Ferraris (It), ES de Cam\u00f5es (Pt) and the High school of Economy and trade (Cro) this time in Dubrovnik, Croatia. The purpose of this final meeting was to bring to its end all projects intelectual outputs. After a short presentation of High school of Economy and trade to our partners and their students, we all started on working together on translating the brochure, adding some final tweaks to it, finishing the guides together, updating e-SB program, web page&#8230; The mobility once again included a certificate ceremony in Konavle, a part of Dubrovnik region, where we enjoyed Croatian cuisine and learned about regional products.<\/p>\n","protected":false},"author":1,"featured_media":0,"parent":0,"menu_order":0,"comment_status":"closed","ping_status":"closed","template":"","meta":{"footnotes":""},"class_list":["post-45","page","type-page","status-publish","hentry"],"_links":{"self":[{"href":"https:\/\/eschoolbank.com\/index.php?rest_route=\/wp\/v2\/pages\/45"}],"collection":[{"href":"https:\/\/eschoolbank.com\/index.php?rest_route=\/wp\/v2\/pages"}],"about":[{"href":"https:\/\/eschoolbank.com\/index.php?rest_route=\/wp\/v2\/types\/page"}],"author":[{"embeddable":true,"href":"https:\/\/eschoolbank.com\/index.php?rest_route=\/wp\/v2\/users\/1"}],"replies":[{"embeddable":true,"href":"https:\/\/eschoolbank.com\/index.php?rest_route=%2Fwp%2Fv2%2Fcomments&post=45"}],"version-history":[{"count":36,"href":"https:\/\/eschoolbank.com\/index.php?rest_route=\/wp\/v2\/pages\/45\/revisions"}],"predecessor-version":[{"id":399,"href":"https:\/\/eschoolbank.com\/index.php?rest_route=\/wp\/v2\/pages\/45\/revisions\/399"}],"wp:attachment":[{"href":"https:\/\/eschoolbank.com\/index.php?rest_route=%2Fwp%2Fv2%2Fmedia&parent=45"}],"curies":[{"name":"wp","href":"https:\/\/api.w.org\/{rel}","templated":true}]}}