{"id":160,"date":"2023-05-21T09:52:07","date_gmt":"2023-05-21T07:52:07","guid":{"rendered":"http:\/\/localhost\/multisito\/?page_id=160"},"modified":"2023-05-22T10:11:08","modified_gmt":"2023-05-22T08:11:08","slug":"camoes-2","status":"publish","type":"page","link":"https:\/\/eschoolbank.com\/?page_id=160","title":{"rendered":"Escola Secund\u00e1ria de Cam\u00f5es"},"content":{"rendered":"<p>Cam\u00f5es secondary school is a staple of Portuguese secondary education. It is one of the oldest secondary schools in Portugal, and one of the most iconic for sure. The over-a-century-old building is, as of now, under construction and reparation, to make a transition from an old space to a more modern and restored one, while preserving the charm of its early-20th-century architecture. Its Fa\u00e7ade is faced to a garden, where students are usually found mingling, and it is located in a very central spot: it is just a few minutes away from the subway and is very close to a lot of iconic squares in Lisbon, such as Saldanha, and Marqu\u00eas de Pombal, both major commercial and social hubs.<br \/>\nThe school presents a diverse curriculum, with sciences, arts, humanities, economy, and some vocational courses. The students themselves are very diverse as well making the school very multicultural and students come from a vast array of different backgrounds. Because of this, the teachers are very in tune with the vibrant students, and, in general there is a great learning environment. That is why Cam\u00f5es secondary school is known for its defense of values of equality and inclusivity and as one of the most prestigious schools in Lisbon.<\/p>\n","protected":false},"excerpt":{"rendered":"<p>Cam\u00f5es secondary school is a staple of Portuguese secondary education. It is one of the oldest secondary schools in Portugal, and one of the most iconic for sure. The over-a-century-old building is, as of now, under construction and reparation, to make a transition from an old space to a more modern and restored one, while preserving the charm of its early-20th-century architecture. Its Fa\u00e7ade is faced to a garden, where students are usually found mingling, and it is located in a very central spot: it is just a few minutes away from the subway and is very close to a lot of iconic squares in Lisbon, such as Saldanha, and Marqu\u00eas de Pombal, both major commercial and social hubs. The school presents a diverse curriculum, with sciences, arts, humanities, economy, and some vocational courses. The students themselves are very diverse as well making the school very multicultural and students come from a vast array of different backgrounds. Because of this, the teachers are very in tune with the vibrant students, and, in general there is a great learning environment. That is why Cam\u00f5es secondary school is known for its defense of values of equality and inclusivity and as one of the most prestigious schools in Lisbon.<\/p>\n","protected":false},"author":1,"featured_media":0,"parent":0,"menu_order":0,"comment_status":"closed","ping_status":"closed","template":"","meta":{"footnotes":""},"class_list":["post-160","page","type-page","status-publish","hentry"],"_links":{"self":[{"href":"https:\/\/eschoolbank.com\/index.php?rest_route=\/wp\/v2\/pages\/160"}],"collection":[{"href":"https:\/\/eschoolbank.com\/index.php?rest_route=\/wp\/v2\/pages"}],"about":[{"href":"https:\/\/eschoolbank.com\/index.php?rest_route=\/wp\/v2\/types\/page"}],"author":[{"embeddable":true,"href":"https:\/\/eschoolbank.com\/index.php?rest_route=\/wp\/v2\/users\/1"}],"replies":[{"embeddable":true,"href":"https:\/\/eschoolbank.com\/index.php?rest_route=%2Fwp%2Fv2%2Fcomments&post=160"}],"version-history":[{"count":5,"href":"https:\/\/eschoolbank.com\/index.php?rest_route=\/wp\/v2\/pages\/160\/revisions"}],"predecessor-version":[{"id":168,"href":"https:\/\/eschoolbank.com\/index.php?rest_route=\/wp\/v2\/pages\/160\/revisions\/168"}],"wp:attachment":[{"href":"https:\/\/eschoolbank.com\/index.php?rest_route=%2Fwp%2Fv2%2Fmedia&parent=160"}],"curies":[{"name":"wp","href":"https:\/\/api.w.org\/{rel}","templated":true}]}}