{"id":666,"date":"2023-06-02T12:59:59","date_gmt":"2023-06-02T10:59:59","guid":{"rendered":"https:\/\/eschoolbank.com\/croazia\/?page_id=666"},"modified":"2023-07-06T15:34:52","modified_gmt":"2023-07-06T13:34:52","slug":"internet-bankarstvo-2","status":"publish","type":"page","link":"https:\/\/eschoolbank.com\/croazia\/internet-bankarstvo-2\/","title":{"rendered":"Internet bankarstvo"},"content":{"rendered":"\n<p>\u017delite imati uvid u stanje va\u0161ih ra\u010duna, pregled pla\u0107anja 24\/7? Zvu\u010di vam privla\u010dno mogu\u0107nost pla\u0107anja kad god vam odgovara bez \u010dekanja u redu? Mobilna aplikacija u svako vrijeme i na svakom mjestu vam to omogu\u0107ava! Prijavite se u mobilno bankarstvo i autorizirajte svoje transakcije, sve sa zaslona va\u0161eg mobilnog telefona! <\/p>\n\n\n\n<figure class=\"wp-block-gallery has-nested-images columns-default is-cropped wp-block-gallery-1 is-layout-flex wp-block-gallery-is-layout-flex\">\n<figure class=\"wp-block-image size-large\"><img loading=\"lazy\" decoding=\"async\" width=\"1024\" height=\"574\" data-id=\"1078\" src=\"https:\/\/eschoolbank.com\/croazia\/wp-content\/uploads\/sites\/3\/2023\/06\/business-5475661_1280-2-1024x574.jpg\" alt=\"\" class=\"wp-image-1078\" srcset=\"https:\/\/eschoolbank.com\/croazia\/wp-content\/uploads\/sites\/3\/2023\/06\/business-5475661_1280-2-1024x574.jpg 1024w, https:\/\/eschoolbank.com\/croazia\/wp-content\/uploads\/sites\/3\/2023\/06\/business-5475661_1280-2-300x168.jpg 300w, https:\/\/eschoolbank.com\/croazia\/wp-content\/uploads\/sites\/3\/2023\/06\/business-5475661_1280-2-768x430.jpg 768w, https:\/\/eschoolbank.com\/croazia\/wp-content\/uploads\/sites\/3\/2023\/06\/business-5475661_1280-2-1140x639.jpg 1140w, https:\/\/eschoolbank.com\/croazia\/wp-content\/uploads\/sites\/3\/2023\/06\/business-5475661_1280-2.jpg 1280w\" sizes=\"(max-width: 1024px) 100vw, 1024px\" \/><\/figure>\n<\/figure>\n\n\n\n<div style=\"height:25px\" aria-hidden=\"true\" class=\"wp-block-spacer\"><\/div>\n\n\n\n<p>Gdje god se nalazili 24 sata na dan imat \u0107e te uvid u Va\u0161e poslovne ra\u010dune, a aplikacija Vam je dostupna za mobilne ure\u0111aje s operativnim sustavima&nbsp;<strong>Apple iOS&nbsp;<\/strong>i<strong>&nbsp;Android<\/strong>.<\/p>\n\n\n\n<figure class=\"wp-block-gallery has-nested-images columns-default is-cropped wp-block-gallery-2 is-layout-flex wp-block-gallery-is-layout-flex\">\n<figure class=\"wp-block-image size-large\"><img loading=\"lazy\" decoding=\"async\" width=\"1024\" height=\"714\" data-id=\"1134\" src=\"https:\/\/eschoolbank.com\/croazia\/wp-content\/uploads\/sites\/3\/2023\/06\/student-849821_1280-1-1024x714.jpg\" alt=\"\" class=\"wp-image-1134\" srcset=\"https:\/\/eschoolbank.com\/croazia\/wp-content\/uploads\/sites\/3\/2023\/06\/student-849821_1280-1-1024x714.jpg 1024w, https:\/\/eschoolbank.com\/croazia\/wp-content\/uploads\/sites\/3\/2023\/06\/student-849821_1280-1-300x209.jpg 300w, https:\/\/eschoolbank.com\/croazia\/wp-content\/uploads\/sites\/3\/2023\/06\/student-849821_1280-1-768x536.jpg 768w, https:\/\/eschoolbank.com\/croazia\/wp-content\/uploads\/sites\/3\/2023\/06\/student-849821_1280-1-1140x795.jpg 1140w, https:\/\/eschoolbank.com\/croazia\/wp-content\/uploads\/sites\/3\/2023\/06\/student-849821_1280-1.jpg 1280w\" sizes=\"(max-width: 1024px) 100vw, 1024px\" \/><\/figure>\n<\/figure>\n\n\n\n<div style=\"height:25px\" aria-hidden=\"true\" class=\"wp-block-spacer\"><\/div>\n","protected":false},"excerpt":{"rendered":"<p>\u017delite imati uvid u stanje va\u0161ih ra\u010duna, pregled pla\u0107anja 24\/7? Zvu\u010di vam privla\u010dno mogu\u0107nost pla\u0107anja kad god vam odgovara bez \u010dekanja u redu? Mobilna aplikacija u svako vrijeme i na svakom mjestu vam to omogu\u0107ava! Prijavite se u mobilno bankarstvo i autorizirajte svoje transakcije, sve sa zaslona va\u0161eg mobilnog telefona! Gdje god se nalazili 24 sata na dan imat \u0107e te uvid u Va\u0161e poslovne ra\u010dune, a aplikacija Vam je dostupna za mobilne ure\u0111aje s operativnim sustavima&nbsp;Apple iOS&nbsp;i&nbsp;Android.<\/p>\n","protected":false},"author":1,"featured_media":0,"parent":0,"menu_order":0,"comment_status":"closed","ping_status":"closed","template":"","meta":{"footnotes":""},"class_list":["post-666","page","type-page","status-publish","hentry"],"_links":{"self":[{"href":"https:\/\/eschoolbank.com\/croazia\/wp-json\/wp\/v2\/pages\/666"}],"collection":[{"href":"https:\/\/eschoolbank.com\/croazia\/wp-json\/wp\/v2\/pages"}],"about":[{"href":"https:\/\/eschoolbank.com\/croazia\/wp-json\/wp\/v2\/types\/page"}],"author":[{"embeddable":true,"href":"https:\/\/eschoolbank.com\/croazia\/wp-json\/wp\/v2\/users\/1"}],"replies":[{"embeddable":true,"href":"https:\/\/eschoolbank.com\/croazia\/wp-json\/wp\/v2\/comments?post=666"}],"version-history":[{"count":24,"href":"https:\/\/eschoolbank.com\/croazia\/wp-json\/wp\/v2\/pages\/666\/revisions"}],"predecessor-version":[{"id":2770,"href":"https:\/\/eschoolbank.com\/croazia\/wp-json\/wp\/v2\/pages\/666\/revisions\/2770"}],"wp:attachment":[{"href":"https:\/\/eschoolbank.com\/croazia\/wp-json\/wp\/v2\/media?parent=666"}],"curies":[{"name":"wp","href":"https:\/\/api.w.org\/{rel}","templated":true}]}}