{"id":662,"date":"2023-06-02T12:59:30","date_gmt":"2023-06-02T10:59:30","guid":{"rendered":"https:\/\/eschoolbank.com\/croazia\/?page_id=662"},"modified":"2023-10-21T22:38:38","modified_gmt":"2023-10-21T20:38:38","slug":"krediti-2","status":"publish","type":"page","link":"https:\/\/eschoolbank.com\/croazia\/krediti-2\/","title":{"rendered":"PO Krediti za pravne osobe"},"content":{"rendered":"\n<div class=\"wp-block-media-text is-stacked-on-mobile\"><figure class=\"wp-block-media-text__media\"><img loading=\"lazy\" decoding=\"async\" width=\"1024\" height=\"576\" src=\"https:\/\/eschoolbank.com\/croazia\/wp-content\/uploads\/sites\/3\/2023\/06\/blueprints-1837238_1280-edited-1024x576.jpg\" alt=\"\" class=\"wp-image-953 size-full\" srcset=\"https:\/\/eschoolbank.com\/croazia\/wp-content\/uploads\/sites\/3\/2023\/06\/blueprints-1837238_1280-edited-1024x576.jpg 1024w, https:\/\/eschoolbank.com\/croazia\/wp-content\/uploads\/sites\/3\/2023\/06\/blueprints-1837238_1280-edited-300x169.jpg 300w, https:\/\/eschoolbank.com\/croazia\/wp-content\/uploads\/sites\/3\/2023\/06\/blueprints-1837238_1280-edited-768x432.jpg 768w, https:\/\/eschoolbank.com\/croazia\/wp-content\/uploads\/sites\/3\/2023\/06\/blueprints-1837238_1280-edited-1140x641.jpg 1140w, https:\/\/eschoolbank.com\/croazia\/wp-content\/uploads\/sites\/3\/2023\/06\/blueprints-1837238_1280-edited.jpg 1280w\" sizes=\"(max-width: 1024px) 100vw, 1024px\" \/><\/figure><div class=\"wp-block-media-text__content\">\n<p class=\"has-text-align-left\"><strong>Minus po transakcijskom ra\u010dunu<\/strong> &#8211; povremeno se u poslovanju doga\u0111a da teku\u0107e financijske obveze prema\u0161uju trenutne priljeve. Dopu\u0161teno prekora\u010denje po transakcijskom ra\u010dunu omogu\u0107uje jednostavnije upravljanje likvidno\u0161\u0107u, jer se prema potrebama mo\u017ee koristiti iznos odobrenog prekora\u010denja. Obratite nam se s povjerenjem i podr\u017eat \u0107emo vas u ostvarenju va\u0161ih planova!<\/p>\n<\/div><\/div>\n\n\n\n<p>Sredstva su vam uvijek dostupna na va\u0161em transakcijskom ra\u010dunu, a povrat iskori\u0161tenog dijela automatski se vra\u0107a svakim priljevom na ra\u010dun. Ugovor sklapate na neodre\u0111eno vrijeme i vrijedi do opoziva s va\u0161e strane ili od strane banke. Kamatna stopa se obra\u010dunava samo na iskori\u0161teni dio odobrenog prekora\u010denja, a iznos mogu\u0107eg dopu\u0161tenog prekora\u010denja ovisi o va\u0161im potrebama i kreditnoj sposobnosti. Nudimo vam brojne mogu\u0107nosti financiranja ili refinanciranja va\u0161ih postoje\u0107ih obveza, a zajedno \u0107emo prona\u0107i opciju koja najbolje odgovara va\u0161im potrebama.<\/p>\n\n\n\n<div class=\"wp-block-media-text has-media-on-the-right is-stacked-on-mobile\"><div class=\"wp-block-media-text__content\">\n<p class=\"has-text-align-right\"><strong>Kredit za obrtna sredstva<\/strong> &#8211; usmjereni ste na unaprje\u0111enje va\u0161eg poslovanja, ali vam ponekad poslovne procese usporavaju \u010dimbenici na koje na\u017ealost nemate utjecaj. Osigurajte va\u0161em poslovanju stabilan nov\u010dani tok i kreditom financirajte teku\u0107e tro\u0161kove, nabavu robe, materijala i sirovina ili sezonskih poslova i poslujte bez briga.<\/p>\n<\/div><figure class=\"wp-block-media-text__media\"><img loading=\"lazy\" decoding=\"async\" width=\"1024\" height=\"680\" src=\"https:\/\/eschoolbank.com\/croazia\/wp-content\/uploads\/sites\/3\/2023\/06\/Otvaranje-transakcijskog-racuna-1024x680.jpg\" alt=\"\" class=\"wp-image-738 size-full\" srcset=\"https:\/\/eschoolbank.com\/croazia\/wp-content\/uploads\/sites\/3\/2023\/06\/Otvaranje-transakcijskog-racuna-1024x680.jpg 1024w, https:\/\/eschoolbank.com\/croazia\/wp-content\/uploads\/sites\/3\/2023\/06\/Otvaranje-transakcijskog-racuna-300x199.jpg 300w, https:\/\/eschoolbank.com\/croazia\/wp-content\/uploads\/sites\/3\/2023\/06\/Otvaranje-transakcijskog-racuna-768x510.jpg 768w, https:\/\/eschoolbank.com\/croazia\/wp-content\/uploads\/sites\/3\/2023\/06\/Otvaranje-transakcijskog-racuna-1140x757.jpg 1140w, https:\/\/eschoolbank.com\/croazia\/wp-content\/uploads\/sites\/3\/2023\/06\/Otvaranje-transakcijskog-racuna.jpg 1280w\" sizes=\"(max-width: 1024px) 100vw, 1024px\" \/><\/figure><\/div>\n\n\n\n<div class=\"wp-block-media-text is-stacked-on-mobile\"><figure class=\"wp-block-media-text__media\"><img loading=\"lazy\" decoding=\"async\" width=\"1024\" height=\"724\" src=\"https:\/\/eschoolbank.com\/croazia\/wp-content\/uploads\/sites\/3\/2023\/05\/Temeljni-kapital-slika-1024x724.webp\" alt=\"\" class=\"wp-image-472 size-full\" srcset=\"https:\/\/eschoolbank.com\/croazia\/wp-content\/uploads\/sites\/3\/2023\/05\/Temeljni-kapital-slika-1024x724.webp 1024w, https:\/\/eschoolbank.com\/croazia\/wp-content\/uploads\/sites\/3\/2023\/05\/Temeljni-kapital-slika-300x212.webp 300w, https:\/\/eschoolbank.com\/croazia\/wp-content\/uploads\/sites\/3\/2023\/05\/Temeljni-kapital-slika-768x543.webp 768w, https:\/\/eschoolbank.com\/croazia\/wp-content\/uploads\/sites\/3\/2023\/05\/Temeljni-kapital-slika-1140x806.webp 1140w, https:\/\/eschoolbank.com\/croazia\/wp-content\/uploads\/sites\/3\/2023\/05\/Temeljni-kapital-slika.webp 1280w\" sizes=\"(max-width: 1024px) 100vw, 1024px\" \/><\/figure><div class=\"wp-block-media-text__content\">\n<p class=\"has-text-align-left\"><strong>Revolving kredit<\/strong> &#8211; najbolje rje\u0161enje za odr\u017eavanje likvidnosti i financiranje potreba za dodatnim obrtnim sredstvima. Ovaj kredit nema unaprijed definiran broj uplata, ve\u0107 vam se odobrava okvirni iznos kredita koji koristite prema va\u0161im potrebama. Svako kori\u0161tenje smanjuje ukupno raspolo\u017eiva sredstva, a vra\u0107anje ih obnavlja do odobrenog iznosa.<\/p>\n<\/div><\/div>\n\n\n\n<div class=\"wp-block-media-text has-media-on-the-right is-stacked-on-mobile\"><div class=\"wp-block-media-text__content\">\n<p class=\"has-text-align-right\"><strong>Kratkoro\u010dni krediti<\/strong> &#8211; iznos odobrenih kratkoro\u010dnih kredita ovisi o va\u0161im potrebama i va\u0161oj kreditnoj sposobnosti. Rokovi otplate ove vrste kredita su od par mjeseci do maksimalno godinu dana uz otvorenu mogu\u0107nost kombiniranja razli\u010ditih instrumenata osiguranja ovisno o va\u0161im poslovnim mogu\u0107nostima i djelatnosti. Obrada kredita traje svega par dana.<\/p>\n<\/div><figure class=\"wp-block-media-text__media\"><img loading=\"lazy\" decoding=\"async\" width=\"1024\" height=\"688\" src=\"https:\/\/eschoolbank.com\/croazia\/wp-content\/uploads\/sites\/3\/2023\/06\/entrepreneur-2904772_1280-1024x688.jpg\" alt=\"\" class=\"wp-image-1070 size-full\" srcset=\"https:\/\/eschoolbank.com\/croazia\/wp-content\/uploads\/sites\/3\/2023\/06\/entrepreneur-2904772_1280-1024x688.jpg 1024w, https:\/\/eschoolbank.com\/croazia\/wp-content\/uploads\/sites\/3\/2023\/06\/entrepreneur-2904772_1280-300x202.jpg 300w, https:\/\/eschoolbank.com\/croazia\/wp-content\/uploads\/sites\/3\/2023\/06\/entrepreneur-2904772_1280-768x516.jpg 768w, https:\/\/eschoolbank.com\/croazia\/wp-content\/uploads\/sites\/3\/2023\/06\/entrepreneur-2904772_1280-1140x766.jpg 1140w, https:\/\/eschoolbank.com\/croazia\/wp-content\/uploads\/sites\/3\/2023\/06\/entrepreneur-2904772_1280.jpg 1280w\" sizes=\"(max-width: 1024px) 100vw, 1024px\" \/><\/figure><\/div>\n\n\n\n<div class=\"wp-block-media-text is-stacked-on-mobile is-vertically-aligned-center\"><figure class=\"wp-block-media-text__media\"><img loading=\"lazy\" decoding=\"async\" width=\"612\" height=\"385\" src=\"https:\/\/eschoolbank.com\/croazia\/wp-content\/uploads\/sites\/3\/2023\/05\/TEMELJNI-KAPITAL.jpg\" alt=\"\" class=\"wp-image-395 size-full\" srcset=\"https:\/\/eschoolbank.com\/croazia\/wp-content\/uploads\/sites\/3\/2023\/05\/TEMELJNI-KAPITAL.jpg 612w, https:\/\/eschoolbank.com\/croazia\/wp-content\/uploads\/sites\/3\/2023\/05\/TEMELJNI-KAPITAL-300x189.jpg 300w\" sizes=\"(max-width: 612px) 100vw, 612px\" \/><\/figure><div class=\"wp-block-media-text__content\">\n<p class=\"has-text-align-left\"><strong>Dugoro\u010dni krediti<\/strong> &#8211; ova vrsta kredita naj\u010de\u0161\u0107e je kori\u0161tena za financiranje izgradnje i\/ili kupnje dugotrajne imovine kao i ve\u0107ih investicija i pro\u0161irenja poslovanja. Tim na\u0161ih stru\u010dnjaka ponudit \u0107e vam brojne mogu\u0107nosti prilago\u0111ene svakom investicijskom planu. Podr\u017eat \u0107emo vas u \u0161irenju va\u0161eg poslovanja i predlo\u017eiti vam najbolju opciju sukladno va\u0161im poslovnim potrebama. <\/p>\n<\/div><\/div>\n","protected":false},"excerpt":{"rendered":"<p>Minus po transakcijskom ra\u010dunu &#8211; povremeno se u poslovanju doga\u0111a da teku\u0107e financijske obveze prema\u0161uju trenutne priljeve. Dopu\u0161teno prekora\u010denje po transakcijskom ra\u010dunu omogu\u0107uje jednostavnije upravljanje likvidno\u0161\u0107u, jer se prema potrebama mo\u017ee koristiti iznos odobrenog prekora\u010denja. Obratite nam se s povjerenjem i podr\u017eat \u0107emo vas u ostvarenju va\u0161ih planova! Sredstva su vam uvijek dostupna na va\u0161em transakcijskom ra\u010dunu, a povrat iskori\u0161tenog dijela automatski se vra\u0107a svakim priljevom na ra\u010dun. Ugovor sklapate na neodre\u0111eno vrijeme i vrijedi do opoziva s va\u0161e strane ili od strane banke. Kamatna stopa se obra\u010dunava samo na iskori\u0161teni dio odobrenog prekora\u010denja, a iznos mogu\u0107eg dopu\u0161tenog prekora\u010denja ovisi o va\u0161im potrebama i kreditnoj sposobnosti. Nudimo vam brojne mogu\u0107nosti financiranja ili refinanciranja va\u0161ih postoje\u0107ih obveza, a zajedno \u0107emo prona\u0107i opciju koja najbolje odgovara va\u0161im potrebama. Kredit za obrtna sredstva &#8211; usmjereni ste na unaprje\u0111enje va\u0161eg poslovanja, ali vam ponekad poslovne procese usporavaju \u010dimbenici na koje na\u017ealost nemate utjecaj. Osigurajte va\u0161em poslovanju stabilan nov\u010dani tok i kreditom financirajte teku\u0107e tro\u0161kove, nabavu robe, materijala i sirovina ili sezonskih poslova i poslujte bez briga. Revolving kredit &#8211; najbolje rje\u0161enje za odr\u017eavanje likvidnosti i financiranje potreba za dodatnim obrtnim sredstvima. Ovaj kredit nema unaprijed definiran broj uplata, ve\u0107 vam se odobrava okvirni iznos kredita koji koristite prema va\u0161im potrebama. Svako kori\u0161tenje smanjuje ukupno raspolo\u017eiva sredstva, a vra\u0107anje ih obnavlja do odobrenog iznosa. Kratkoro\u010dni krediti &#8211; iznos odobrenih kratkoro\u010dnih kredita ovisi o va\u0161im potrebama i va\u0161oj kreditnoj sposobnosti. Rokovi otplate ove vrste kredita su od par mjeseci do maksimalno godinu dana uz otvorenu mogu\u0107nost kombiniranja razli\u010ditih instrumenata osiguranja ovisno o va\u0161im poslovnim mogu\u0107nostima i djelatnosti. Obrada kredita traje svega par dana. Dugoro\u010dni krediti &#8211; ova vrsta kredita naj\u010de\u0161\u0107e je kori\u0161tena za financiranje izgradnje i\/ili kupnje dugotrajne imovine kao i ve\u0107ih investicija i pro\u0161irenja poslovanja. Tim na\u0161ih stru\u010dnjaka ponudit \u0107e vam brojne mogu\u0107nosti prilago\u0111ene svakom investicijskom planu. Podr\u017eat \u0107emo vas u \u0161irenju va\u0161eg poslovanja i predlo\u017eiti vam najbolju opciju sukladno va\u0161im poslovnim potrebama.<\/p>\n","protected":false},"author":1,"featured_media":0,"parent":0,"menu_order":0,"comment_status":"closed","ping_status":"closed","template":"","meta":{"footnotes":""},"class_list":["post-662","page","type-page","status-publish","hentry"],"_links":{"self":[{"href":"https:\/\/eschoolbank.com\/croazia\/wp-json\/wp\/v2\/pages\/662"}],"collection":[{"href":"https:\/\/eschoolbank.com\/croazia\/wp-json\/wp\/v2\/pages"}],"about":[{"href":"https:\/\/eschoolbank.com\/croazia\/wp-json\/wp\/v2\/types\/page"}],"author":[{"embeddable":true,"href":"https:\/\/eschoolbank.com\/croazia\/wp-json\/wp\/v2\/users\/1"}],"replies":[{"embeddable":true,"href":"https:\/\/eschoolbank.com\/croazia\/wp-json\/wp\/v2\/comments?post=662"}],"version-history":[{"count":96,"href":"https:\/\/eschoolbank.com\/croazia\/wp-json\/wp\/v2\/pages\/662\/revisions"}],"predecessor-version":[{"id":3131,"href":"https:\/\/eschoolbank.com\/croazia\/wp-json\/wp\/v2\/pages\/662\/revisions\/3131"}],"wp:attachment":[{"href":"https:\/\/eschoolbank.com\/croazia\/wp-json\/wp\/v2\/media?parent=662"}],"curies":[{"name":"wp","href":"https:\/\/api.w.org\/{rel}","templated":true}]}}