{"id":660,"date":"2023-06-02T12:59:21","date_gmt":"2023-06-02T10:59:21","guid":{"rendered":"https:\/\/eschoolbank.com\/croazia\/?page_id=660"},"modified":"2024-03-04T10:19:59","modified_gmt":"2024-03-04T09:19:59","slug":"platni-promet","status":"publish","type":"page","link":"https:\/\/eschoolbank.com\/croazia\/platni-promet\/","title":{"rendered":"Platni promet"},"content":{"rendered":"\n<div class=\"wp-block-cover is-light has-custom-content-position is-position-bottom-left\" style=\"min-height:257px;aspect-ratio:unset;\"><span aria-hidden=\"true\" class=\"wp-block-cover__background has-background-dim\"><\/span><img loading=\"lazy\" decoding=\"async\" width=\"1280\" height=\"509\" class=\"wp-block-cover__image-background wp-image-2283\" alt=\"\" src=\"https:\/\/eschoolbank.com\/croazia\/wp-content\/uploads\/sites\/3\/2023\/06\/businessman-4279255_1280.jpg\" data-object-fit=\"cover\" srcset=\"https:\/\/eschoolbank.com\/croazia\/wp-content\/uploads\/sites\/3\/2023\/06\/businessman-4279255_1280.jpg 1280w, https:\/\/eschoolbank.com\/croazia\/wp-content\/uploads\/sites\/3\/2023\/06\/businessman-4279255_1280-300x119.jpg 300w, https:\/\/eschoolbank.com\/croazia\/wp-content\/uploads\/sites\/3\/2023\/06\/businessman-4279255_1280-1024x407.jpg 1024w, https:\/\/eschoolbank.com\/croazia\/wp-content\/uploads\/sites\/3\/2023\/06\/businessman-4279255_1280-768x305.jpg 768w, https:\/\/eschoolbank.com\/croazia\/wp-content\/uploads\/sites\/3\/2023\/06\/businessman-4279255_1280-1140x453.jpg 1140w\" sizes=\"(max-width: 1280px) 100vw, 1280px\" \/><div class=\"wp-block-cover__inner-container is-layout-constrained wp-block-cover-is-layout-constrained\">\n<p class=\"has-text-align-center has-large-font-size\"><strong><mark style=\"background-color:rgba(0, 0, 0, 0)\" class=\"has-inline-color has-white-color\">Platni promet<\/mark><\/strong><\/p>\n<\/div><\/div>\n\n\n\n<p>Naplate i interna pla\u0107anja provode se u realnom vremenu. Za provo\u0111enje pla\u0107anja putem vanjskih sustava platnog prometa, provo\u0111enje ovisi i o radnom vremenu NKS-a (Nacionalni klirni\u0161ki sustav). Hrvatska je \u010dlanica SEPA-e te se u provo\u0111enju platnih transakcija pridr\u017eava svih pravila SEPA standarda. <\/p>\n\n\n\n<p><strong><span style=\"text-decoration: underline;\">Bezgotovinski platni promet<\/span><\/strong><\/p>\n\n\n\n<p>Naloge za pla\u0107anje mo\u017eete zadati kori\u0161tenjem e-SB mobilne aplikacije ili u bilo kojoj poslovnici banke. Omogu\u0107eno je ugovaranje trajnih naloga kojima banka prema unaprijed definiranim instrukcijama u va\u0161e ime i za va\u0161 ra\u010dun izvr\u0161ava sva va\u0161a pla\u0107anja. <\/p>\n\n\n\n<p class=\"has-black-color has-text-color\"><strong><span style=\"text-decoration: underline;\">Model i poziv na broj<\/span><\/strong> &#8211; u platnom prometu (<em>prilikom ispunjavanja obrasca HUB3\/A<\/em>) obvezno se unosi model i poziv na broj primatelja. Svrha mu je jasnije\u00a0obja\u0161njenje osnove pla\u0107anja, odnosno \u201eopisati\u201c pla\u0107anje putem smislenog seta brojaka, npr.: broj ponude ili ra\u010duna, \u0161ifra klijenta koji pla\u0107a, vremenski period za koji ide pla\u0107anje&#8230; (<em>npr. za ponudu\u00a0broj 604\/2024, poziv na broj mo\u017ee biti\u00a06042024<\/em>).<\/p>\n\n\n\n<p>Kombinacija se sastoji ukupno od 26 znamenaka; od \u010dega model ima\u00a0<strong>4 znamenke <\/strong>(<em>HR + dva broja<\/em>), a poziv na broj ima do <strong>22 znamenke<\/strong> (<em>uklju\u010duju\u0107i i najvi\u0161e dvije crtice<\/em>).<\/p>\n\n\n\n<p class=\"has-black-color has-text-color\">U modelu pla\u0107anja, nakon oznake za dr\u017eavu HR, upisuju se dva kontrolna broja\u00a0koji slu\u017ee za provjeru poziva na broj, naj\u010de\u0161\u0107e zadnjeg broja. Ako nemamo se vr\u0161i pla\u0107anje izme\u0111u fizi\u010dkih osoba, prijenosi sa ra\u010duna na ra\u010dun i sl., preporu\u010da se u modelu upisati na slijede\u0107i na\u010din: <strong>HR99<\/strong>.<\/p>\n\n\n\n<div class=\"wp-block-columns is-layout-flex wp-container-core-columns-is-layout-1 wp-block-columns-is-layout-flex\">\n<div class=\"wp-block-column is-layout-flow wp-block-column-is-layout-flow\" style=\"flex-basis:100%\"><div class=\"wp-block-image is-style-default\">\n<figure class=\"aligncenter size-large is-resized\"><img loading=\"lazy\" decoding=\"async\" src=\"https:\/\/eschoolbank.com\/croazia\/wp-content\/uploads\/sites\/3\/2023\/06\/Temeljni-kapital-HUB3-1024x595.png\" alt=\"\" class=\"wp-image-1974\" width=\"546\" height=\"317\" srcset=\"https:\/\/eschoolbank.com\/croazia\/wp-content\/uploads\/sites\/3\/2023\/06\/Temeljni-kapital-HUB3-1024x595.png 1024w, https:\/\/eschoolbank.com\/croazia\/wp-content\/uploads\/sites\/3\/2023\/06\/Temeljni-kapital-HUB3-300x174.png 300w, https:\/\/eschoolbank.com\/croazia\/wp-content\/uploads\/sites\/3\/2023\/06\/Temeljni-kapital-HUB3-768x446.png 768w, https:\/\/eschoolbank.com\/croazia\/wp-content\/uploads\/sites\/3\/2023\/06\/Temeljni-kapital-HUB3-1536x892.png 1536w, https:\/\/eschoolbank.com\/croazia\/wp-content\/uploads\/sites\/3\/2023\/06\/Temeljni-kapital-HUB3-1140x662.png 1140w, https:\/\/eschoolbank.com\/croazia\/wp-content\/uploads\/sites\/3\/2023\/06\/Temeljni-kapital-HUB3.png 1836w\" sizes=\"(max-width: 546px) 100vw, 546px\" \/><\/figure><\/div><\/div>\n<\/div>\n\n\n\n<p><strong><span style=\"text-decoration: underline;\">Gotovinski platni promet<\/span><\/strong><\/p>\n\n\n\n<p>Podizanje gotovine mo\u017eete obavljati u poslovnicama banke i poslovnicama Fine, na bankomatima te na EFT POS (point of sale) ure\u0111ajima. Za uplate gotovine na raspolaganju su vam poslovnice banke i uplatno-isplatni bankomati, dnevno-no\u0107ni trezori (DNT) banke, kao i poslovnice i dnevno-no\u0107ni trezori Fine. Za otpremu i obradu ve\u0107ih koli\u010dina gotovog novca mogu\u0107e je ugovoriti i koristiti dodatne usluge.<br>Za kori\u0161tenje uplatno-isplatnih bankomata nije potrebno potpisivati poseban ugovor s bankom ve\u0107 se od strane ovla\u0161tenih osoba definiraju osobe na \u010dije ime \u0107e se izdati debitne kartice s opcijom polaganja gotovine na transakcijski ra\u010dun.<br>Dnevno-no\u0107ni trezor (DNT) je oblik samouslu\u017ene opreme koji vam je na raspolaganju 24 sata. Namijenjen je polaganju i \u010duvanju gotovine, prvenstveno izvan radnog vremena banke.<\/p>\n\n\n\n<div class=\"wp-block-media-text has-media-on-the-right is-stacked-on-mobile\"><div class=\"wp-block-media-text__content\">\n<p class=\"has-text-align-center\">Pregled svih aktualnih naknada u poslovanju banke sa pravnim osobama vezano za platni promet dostupan je u dokumentu <\/p>\n\n\n\n<p class=\"has-text-align-center\"><a rel=\"noreferrer noopener\" href=\"https:\/\/eschoolbank.com\/croazia\/wp-content\/uploads\/sites\/3\/2023\/07\/Naknade-za-usluge-u-platnom-prometu.pdf\" target=\"_blank\">&#8220;<strong>Tarife Banke za poslovne subjekte<\/strong>&#8220;<\/a><\/p>\n<\/div><figure class=\"wp-block-media-text__media\"><img loading=\"lazy\" decoding=\"async\" width=\"1024\" height=\"682\" src=\"https:\/\/eschoolbank.com\/croazia\/wp-content\/uploads\/sites\/3\/2023\/06\/bank-4951480_1280-1024x682.jpg\" alt=\"\" class=\"wp-image-2293 size-full\" srcset=\"https:\/\/eschoolbank.com\/croazia\/wp-content\/uploads\/sites\/3\/2023\/06\/bank-4951480_1280-1024x682.jpg 1024w, https:\/\/eschoolbank.com\/croazia\/wp-content\/uploads\/sites\/3\/2023\/06\/bank-4951480_1280-300x200.jpg 300w, https:\/\/eschoolbank.com\/croazia\/wp-content\/uploads\/sites\/3\/2023\/06\/bank-4951480_1280-768x512.jpg 768w, https:\/\/eschoolbank.com\/croazia\/wp-content\/uploads\/sites\/3\/2023\/06\/bank-4951480_1280-1140x760.jpg 1140w, https:\/\/eschoolbank.com\/croazia\/wp-content\/uploads\/sites\/3\/2023\/06\/bank-4951480_1280.jpg 1280w\" sizes=\"(max-width: 1024px) 100vw, 1024px\" \/><\/figure><\/div>\n","protected":false},"excerpt":{"rendered":"<p>Naplate i interna pla\u0107anja provode se u realnom vremenu. Za provo\u0111enje pla\u0107anja putem vanjskih sustava platnog prometa, provo\u0111enje ovisi i o radnom vremenu NKS-a (Nacionalni klirni\u0161ki sustav). Hrvatska je \u010dlanica SEPA-e te se u provo\u0111enju platnih transakcija pridr\u017eava svih pravila SEPA standarda. Bezgotovinski platni promet Naloge za pla\u0107anje mo\u017eete zadati kori\u0161tenjem e-SB mobilne aplikacije ili u bilo kojoj poslovnici banke. Omogu\u0107eno je ugovaranje trajnih naloga kojima banka prema unaprijed definiranim instrukcijama u va\u0161e ime i za va\u0161 ra\u010dun izvr\u0161ava sva va\u0161a pla\u0107anja. Model i poziv na broj &#8211; u platnom prometu (prilikom ispunjavanja obrasca HUB3\/A) obvezno se unosi model i poziv na broj primatelja. Svrha mu je jasnije\u00a0obja\u0161njenje osnove pla\u0107anja, odnosno \u201eopisati\u201c pla\u0107anje putem smislenog seta brojaka, npr.: broj ponude ili ra\u010duna, \u0161ifra klijenta koji pla\u0107a, vremenski period za koji ide pla\u0107anje&#8230; (npr. za ponudu\u00a0broj 604\/2024, poziv na broj mo\u017ee biti\u00a06042024). Kombinacija se sastoji ukupno od 26 znamenaka; od \u010dega model ima\u00a04 znamenke (HR + dva broja), a poziv na broj ima do 22 znamenke (uklju\u010duju\u0107i i najvi\u0161e dvije crtice). U modelu pla\u0107anja, nakon oznake za dr\u017eavu HR, upisuju se dva kontrolna broja\u00a0koji slu\u017ee za provjeru poziva na broj, naj\u010de\u0161\u0107e zadnjeg broja. Ako nemamo se vr\u0161i pla\u0107anje izme\u0111u fizi\u010dkih osoba, prijenosi sa ra\u010duna na ra\u010dun i sl., preporu\u010da se u modelu upisati na slijede\u0107i na\u010din: HR99. Gotovinski platni promet Podizanje gotovine mo\u017eete obavljati u poslovnicama banke i poslovnicama Fine, na bankomatima te na EFT POS (point of sale) ure\u0111ajima. Za uplate gotovine na raspolaganju su vam poslovnice banke i uplatno-isplatni bankomati, dnevno-no\u0107ni trezori (DNT) banke, kao i poslovnice i dnevno-no\u0107ni trezori Fine. Za otpremu i obradu ve\u0107ih koli\u010dina gotovog novca mogu\u0107e je ugovoriti i koristiti dodatne usluge.Za kori\u0161tenje uplatno-isplatnih bankomata nije potrebno potpisivati poseban ugovor s bankom ve\u0107 se od strane ovla\u0161tenih osoba definiraju osobe na \u010dije ime \u0107e se izdati debitne kartice s opcijom polaganja gotovine na transakcijski ra\u010dun.Dnevno-no\u0107ni trezor (DNT) je oblik samouslu\u017ene opreme koji vam je na raspolaganju 24 sata. Namijenjen je polaganju i \u010duvanju gotovine, prvenstveno izvan radnog vremena banke. Pregled svih aktualnih naknada u poslovanju banke sa pravnim osobama vezano za platni promet dostupan je u dokumentu &#8220;Tarife Banke za poslovne subjekte&#8220;<\/p>\n","protected":false},"author":1,"featured_media":0,"parent":0,"menu_order":0,"comment_status":"closed","ping_status":"closed","template":"","meta":{"footnotes":""},"class_list":["post-660","page","type-page","status-publish","hentry"],"_links":{"self":[{"href":"https:\/\/eschoolbank.com\/croazia\/wp-json\/wp\/v2\/pages\/660"}],"collection":[{"href":"https:\/\/eschoolbank.com\/croazia\/wp-json\/wp\/v2\/pages"}],"about":[{"href":"https:\/\/eschoolbank.com\/croazia\/wp-json\/wp\/v2\/types\/page"}],"author":[{"embeddable":true,"href":"https:\/\/eschoolbank.com\/croazia\/wp-json\/wp\/v2\/users\/1"}],"replies":[{"embeddable":true,"href":"https:\/\/eschoolbank.com\/croazia\/wp-json\/wp\/v2\/comments?post=660"}],"version-history":[{"count":43,"href":"https:\/\/eschoolbank.com\/croazia\/wp-json\/wp\/v2\/pages\/660\/revisions"}],"predecessor-version":[{"id":3697,"href":"https:\/\/eschoolbank.com\/croazia\/wp-json\/wp\/v2\/pages\/660\/revisions\/3697"}],"wp:attachment":[{"href":"https:\/\/eschoolbank.com\/croazia\/wp-json\/wp\/v2\/media?parent=660"}],"curies":[{"name":"wp","href":"https:\/\/api.w.org\/{rel}","templated":true}]}}