{"id":658,"date":"2023-06-02T12:59:07","date_gmt":"2023-06-02T10:59:07","guid":{"rendered":"https:\/\/eschoolbank.com\/croazia\/?page_id=658"},"modified":"2023-06-27T12:48:36","modified_gmt":"2023-06-27T10:48:36","slug":"temeljni-kapital-2","status":"publish","type":"page","link":"https:\/\/eschoolbank.com\/croazia\/temeljni-kapital-2\/","title":{"rendered":"Temeljni kapital"},"content":{"rendered":"\n<p>Uplatite osniva\u010dki polog u<mark style=\"background-color:rgba(0, 0, 0, 0)\" class=\"has-inline-color has-black-color\"> <strong>e-School<\/strong> <strong>banci<\/strong> i p<\/mark>ru\u017eit \u0107emo vam potpunu, brzu i kvalitetnu uslugu u tri koraka u svim na\u0161im poslovnicama:<\/p>\n\n\n\n<ol class=\"wp-block-list\">\n<li>uplata osniva\u010dkog pologa<\/li>\n\n\n\n<li>izdavanje potvrde o uplati osniva\u010dkog pologa<\/li>\n\n\n\n<li>prijenos sredstava osniva\u010dkog pologa na va\u0161 novi ra\u010dun otvoren u <strong>e-School Bank<\/strong>.<\/li>\n<\/ol>\n\n\n\n<figure class=\"wp-block-gallery has-nested-images columns-default is-cropped wp-block-gallery-1 is-layout-flex wp-block-gallery-is-layout-flex\"><div class=\"wp-block-image\">\n<figure class=\"aligncenter size-large\"><img loading=\"lazy\" decoding=\"async\" width=\"1024\" height=\"356\" data-id=\"2280\" src=\"https:\/\/eschoolbank.com\/croazia\/wp-content\/uploads\/sites\/3\/2023\/06\/block-chain-4037387_1280-1024x356.jpg\" alt=\"\" class=\"wp-image-2280\" srcset=\"https:\/\/eschoolbank.com\/croazia\/wp-content\/uploads\/sites\/3\/2023\/06\/block-chain-4037387_1280-1024x356.jpg 1024w, https:\/\/eschoolbank.com\/croazia\/wp-content\/uploads\/sites\/3\/2023\/06\/block-chain-4037387_1280-300x104.jpg 300w, https:\/\/eschoolbank.com\/croazia\/wp-content\/uploads\/sites\/3\/2023\/06\/block-chain-4037387_1280-768x267.jpg 768w, https:\/\/eschoolbank.com\/croazia\/wp-content\/uploads\/sites\/3\/2023\/06\/block-chain-4037387_1280-1140x396.jpg 1140w, https:\/\/eschoolbank.com\/croazia\/wp-content\/uploads\/sites\/3\/2023\/06\/block-chain-4037387_1280.jpg 1280w\" sizes=\"(max-width: 1024px) 100vw, 1024px\" \/><\/figure><\/div><\/figure>\n\n\n\n<p>Za provo\u0111enja uplate osniva\u010dkog pologa provodi se identifikacija uplatitelja\/osniva\u010da fizi\u010dke osobe i prikupljanje sljede\u0107ih podataka:<\/p>\n\n\n\n<ul class=\"wp-block-list\">\n<li><strong>ime i prezime platitelja, adresa<\/strong><\/li>\n\n\n\n<li><strong>podaci o osobnom identifikacijskom dokumentu <\/strong><\/li>\n\n\n\n<li><strong>OIB<\/strong><\/li>\n<\/ul>\n\n\n\n<figure class=\"wp-block-gallery has-nested-images columns-default is-cropped wp-block-gallery-2 is-layout-flex wp-block-gallery-is-layout-flex\">\n<figure class=\"wp-block-image size-large\"><img loading=\"lazy\" decoding=\"async\" width=\"1024\" height=\"595\" data-id=\"1974\" src=\"https:\/\/eschoolbank.com\/croazia\/wp-content\/uploads\/sites\/3\/2023\/06\/Temeljni-kapital-HUB3-1024x595.png\" alt=\"\" class=\"wp-image-1974\" srcset=\"https:\/\/eschoolbank.com\/croazia\/wp-content\/uploads\/sites\/3\/2023\/06\/Temeljni-kapital-HUB3-1024x595.png 1024w, https:\/\/eschoolbank.com\/croazia\/wp-content\/uploads\/sites\/3\/2023\/06\/Temeljni-kapital-HUB3-300x174.png 300w, https:\/\/eschoolbank.com\/croazia\/wp-content\/uploads\/sites\/3\/2023\/06\/Temeljni-kapital-HUB3-768x446.png 768w, https:\/\/eschoolbank.com\/croazia\/wp-content\/uploads\/sites\/3\/2023\/06\/Temeljni-kapital-HUB3-1536x892.png 1536w, https:\/\/eschoolbank.com\/croazia\/wp-content\/uploads\/sites\/3\/2023\/06\/Temeljni-kapital-HUB3-1140x662.png 1140w, https:\/\/eschoolbank.com\/croazia\/wp-content\/uploads\/sites\/3\/2023\/06\/Temeljni-kapital-HUB3.png 1836w\" sizes=\"(max-width: 1024px) 100vw, 1024px\" \/><\/figure>\n<\/figure>\n\n\n\n<p><em><mark style=\"background-color:rgba(0, 0, 0, 0)\" class=\"has-inline-color has-luminous-vivid-amber-color\">Primjer ispravno popunjenog obrasca HUB3<\/mark><\/em><\/p>\n\n\n\n<p>Platitelj<strong> <\/strong>mo\u017ee biti isklju\u010divo osniva\u010d, a naziv poslovnog subjekta u osnivanju mora biti identi\u010dan podatku iz akta o osnivanju te se obvezno navodi OIB uplatitelja.<\/p>\n\n\n\n<p><strong><mark style=\"background-color:#ffffff\" class=\"has-inline-color has-black-color\">Prijenos osniva\u010dkog pologa<\/mark><\/strong><\/p>\n\n\n\n<p>Nakon provedene registracije poslovnog subjekta, upla\u0107ena sredstva osniva\u010dkog pologa prenose se na novootvoreni ra\u010dun poslovnog subjekta za kojeg je uplata izvr\u0161ena.<\/p>\n\n\n\n<p>Uz <a rel=\"noreferrer noopener\" href=\"https:\/\/eschoolbank.com\/croazia\/wp-content\/uploads\/sites\/3\/2023\/05\/Zahtjev-za-prijenos-temeljnog-kapitala.pdf\" target=\"_blank\"><strong>Zahtjev<\/strong><\/a> za prijenos sredstava na transakcijski ra\u010dun potpisan od strane zastupnika novoosnovane tvrtke potrebno je prilo\u017eiti i:<\/p>\n\n\n\n<ul class=\"wp-block-list\">\n<li>Potvrdu o uplati temeljnog kapitala <\/li>\n\n\n\n<li>Rje\u0161enje o upisu u Registar kod Trgova\u010dkog suda<\/li>\n<\/ul>\n\n\n\n<p>Prijenos sredstava osniva\u010dkog pologa provodi se isklju\u010divo na ra\u010dun tvrtke za koju je polog i upla\u0107en.<\/p>\n","protected":false},"excerpt":{"rendered":"<p>Uplatite osniva\u010dki polog u e-School banci i pru\u017eit \u0107emo vam potpunu, brzu i kvalitetnu uslugu u tri koraka u svim na\u0161im poslovnicama: Za provo\u0111enja uplate osniva\u010dkog pologa provodi se identifikacija uplatitelja\/osniva\u010da fizi\u010dke osobe i prikupljanje sljede\u0107ih podataka: Primjer ispravno popunjenog obrasca HUB3 Platitelj mo\u017ee biti isklju\u010divo osniva\u010d, a naziv poslovnog subjekta u osnivanju mora biti identi\u010dan podatku iz akta o osnivanju te se obvezno navodi OIB uplatitelja. Prijenos osniva\u010dkog pologa Nakon provedene registracije poslovnog subjekta, upla\u0107ena sredstva osniva\u010dkog pologa prenose se na novootvoreni ra\u010dun poslovnog subjekta za kojeg je uplata izvr\u0161ena. Uz Zahtjev za prijenos sredstava na transakcijski ra\u010dun potpisan od strane zastupnika novoosnovane tvrtke potrebno je prilo\u017eiti i: Prijenos sredstava osniva\u010dkog pologa provodi se isklju\u010divo na ra\u010dun tvrtke za koju je polog i upla\u0107en.<\/p>\n","protected":false},"author":1,"featured_media":0,"parent":0,"menu_order":0,"comment_status":"closed","ping_status":"closed","template":"","meta":{"footnotes":""},"class_list":["post-658","page","type-page","status-publish","hentry"],"_links":{"self":[{"href":"https:\/\/eschoolbank.com\/croazia\/wp-json\/wp\/v2\/pages\/658"}],"collection":[{"href":"https:\/\/eschoolbank.com\/croazia\/wp-json\/wp\/v2\/pages"}],"about":[{"href":"https:\/\/eschoolbank.com\/croazia\/wp-json\/wp\/v2\/types\/page"}],"author":[{"embeddable":true,"href":"https:\/\/eschoolbank.com\/croazia\/wp-json\/wp\/v2\/users\/1"}],"replies":[{"embeddable":true,"href":"https:\/\/eschoolbank.com\/croazia\/wp-json\/wp\/v2\/comments?post=658"}],"version-history":[{"count":30,"href":"https:\/\/eschoolbank.com\/croazia\/wp-json\/wp\/v2\/pages\/658\/revisions"}],"predecessor-version":[{"id":2282,"href":"https:\/\/eschoolbank.com\/croazia\/wp-json\/wp\/v2\/pages\/658\/revisions\/2282"}],"wp:attachment":[{"href":"https:\/\/eschoolbank.com\/croazia\/wp-json\/wp\/v2\/media?parent=658"}],"curies":[{"name":"wp","href":"https:\/\/api.w.org\/{rel}","templated":true}]}}