{"id":653,"date":"2023-06-02T12:57:22","date_gmt":"2023-06-02T10:57:22","guid":{"rendered":"https:\/\/eschoolbank.com\/croazia\/?page_id=653"},"modified":"2024-09-05T17:37:22","modified_gmt":"2024-09-05T15:37:22","slug":"gradansrvo","status":"publish","type":"page","link":"https:\/\/eschoolbank.com\/croazia\/gradansrvo\/","title":{"rendered":"Gra\u0111anstvo"},"content":{"rendered":"\n<p>\u017delite otvoriti teku\u0107i ili mo\u017eda \u017eiro ra\u010dun, i prebaciti svoje financije u <strong>e-School bank<\/strong>?  Sve \u0161to trebate u\u010diniti je u najbli\u017eoj poslovnici ili online podnijeti zahtjev za otvaranjem ra\u010duna, a za sve dodatne informacije kontaktirajte nas putem e-mail adrese&nbsp;<a href=\"mailto:eschoolbank@gmail.com\"><strong>eschoolbank@gmail.com<\/strong><\/a>&nbsp;ili nam se obratite u najbli\u017eu poslovnicu.<\/p>\n\n\n\n<figure class=\"wp-block-gallery has-nested-images columns-default is-cropped wp-block-gallery-1 is-layout-flex wp-block-gallery-is-layout-flex\"><div class=\"wp-block-image is-style-default\">\n<figure data-wp-context=\"{&quot;uploadedSrc&quot;:&quot;https:\\\/\\\/eschoolbank.com\\\/croazia\\\/wp-content\\\/uploads\\\/sites\\\/3\\\/2023\\\/07\\\/businessman-2606502_1280.jpg&quot;,&quot;figureClassNames&quot;:&quot;aligncenter size-large&quot;,&quot;figureStyles&quot;:null,&quot;imgClassNames&quot;:&quot;wp-image-2588&quot;,&quot;imgStyles&quot;:null,&quot;targetWidth&quot;:1280,&quot;targetHeight&quot;:553,&quot;scaleAttr&quot;:false,&quot;ariaLabel&quot;:&quot;Enlarge image&quot;,&quot;alt&quot;:&quot;&quot;}\" data-wp-interactive=\"core\/image\" class=\"aligncenter size-large wp-lightbox-container\"><img loading=\"lazy\" decoding=\"async\" width=\"1024\" height=\"442\" data-wp-init=\"callbacks.setButtonStyles\" data-wp-on-async--click=\"actions.showLightbox\" data-wp-on-async--load=\"callbacks.setButtonStyles\" data-wp-on-async-window--resize=\"callbacks.setButtonStyles\" data-id=\"2588\" src=\"https:\/\/eschoolbank.com\/croazia\/wp-content\/uploads\/sites\/3\/2023\/07\/businessman-2606502_1280-1024x442.jpg\" alt=\"\" class=\"wp-image-2588\" srcset=\"https:\/\/eschoolbank.com\/croazia\/wp-content\/uploads\/sites\/3\/2023\/07\/businessman-2606502_1280-1024x442.jpg 1024w, https:\/\/eschoolbank.com\/croazia\/wp-content\/uploads\/sites\/3\/2023\/07\/businessman-2606502_1280-300x130.jpg 300w, https:\/\/eschoolbank.com\/croazia\/wp-content\/uploads\/sites\/3\/2023\/07\/businessman-2606502_1280-768x332.jpg 768w, https:\/\/eschoolbank.com\/croazia\/wp-content\/uploads\/sites\/3\/2023\/07\/businessman-2606502_1280-1140x493.jpg 1140w, https:\/\/eschoolbank.com\/croazia\/wp-content\/uploads\/sites\/3\/2023\/07\/businessman-2606502_1280.jpg 1280w\" sizes=\"(max-width: 1024px) 100vw, 1024px\" \/><button\n\t\t\tclass=\"lightbox-trigger\"\n\t\t\ttype=\"button\"\n\t\t\taria-haspopup=\"dialog\"\n\t\t\taria-label=\"Enlarge image\"\n\t\t\tdata-wp-init=\"callbacks.initTriggerButton\"\n\t\t\tdata-wp-on-async--click=\"actions.showLightbox\"\n\t\t\tdata-wp-style--right=\"context.imageButtonRight\"\n\t\t\tdata-wp-style--top=\"context.imageButtonTop\"\n\t\t>\n\t\t\t<svg xmlns=\"http:\/\/www.w3.org\/2000\/svg\" width=\"12\" height=\"12\" fill=\"none\" viewBox=\"0 0 12 12\">\n\t\t\t\t<path fill=\"#fff\" d=\"M2 0a2 2 0 0 0-2 2v2h1.5V2a.5.5 0 0 1 .5-.5h2V0H2Zm2 10.5H2a.5.5 0 0 1-.5-.5V8H0v2a2 2 0 0 0 2 2h2v-1.5ZM8 12v-1.5h2a.5.5 0 0 0 .5-.5V8H12v2a2 2 0 0 1-2 2H8Zm2-12a2 2 0 0 1 2 2v2h-1.5V2a.5.5 0 0 0-.5-.5H8V0h2Z\" \/>\n\t\t\t<\/svg>\n\t\t<\/button><\/figure><\/div><\/figure>\n\n\n\n<p class=\"has-text-align-center\"><strong><mark style=\"background-color:rgba(0, 0, 0, 0)\" class=\"has-inline-color has-vivid-cyan-blue-color\">ADVANCING LIVES THROUGH TECHNOLOGY<\/mark><\/strong><\/p>\n","protected":false},"excerpt":{"rendered":"<p>\u017delite otvoriti teku\u0107i ili mo\u017eda \u017eiro ra\u010dun, i prebaciti svoje financije u e-School bank? Sve \u0161to trebate u\u010diniti je u najbli\u017eoj poslovnici ili online podnijeti zahtjev za otvaranjem ra\u010duna, a za sve dodatne informacije kontaktirajte nas putem e-mail adrese&nbsp;eschoolbank@gmail.com&nbsp;ili nam se obratite u najbli\u017eu poslovnicu. ADVANCING LIVES THROUGH TECHNOLOGY<\/p>\n","protected":false},"author":1,"featured_media":0,"parent":0,"menu_order":0,"comment_status":"closed","ping_status":"closed","template":"","meta":{"footnotes":""},"class_list":["post-653","page","type-page","status-publish","hentry"],"_links":{"self":[{"href":"https:\/\/eschoolbank.com\/croazia\/wp-json\/wp\/v2\/pages\/653"}],"collection":[{"href":"https:\/\/eschoolbank.com\/croazia\/wp-json\/wp\/v2\/pages"}],"about":[{"href":"https:\/\/eschoolbank.com\/croazia\/wp-json\/wp\/v2\/types\/page"}],"author":[{"embeddable":true,"href":"https:\/\/eschoolbank.com\/croazia\/wp-json\/wp\/v2\/users\/1"}],"replies":[{"embeddable":true,"href":"https:\/\/eschoolbank.com\/croazia\/wp-json\/wp\/v2\/comments?post=653"}],"version-history":[{"count":63,"href":"https:\/\/eschoolbank.com\/croazia\/wp-json\/wp\/v2\/pages\/653\/revisions"}],"predecessor-version":[{"id":4061,"href":"https:\/\/eschoolbank.com\/croazia\/wp-json\/wp\/v2\/pages\/653\/revisions\/4061"}],"wp:attachment":[{"href":"https:\/\/eschoolbank.com\/croazia\/wp-json\/wp\/v2\/media?parent=653"}],"curies":[{"name":"wp","href":"https:\/\/api.w.org\/{rel}","templated":true}]}}