{"id":649,"date":"2023-06-02T12:51:17","date_gmt":"2023-06-02T10:51:17","guid":{"rendered":"https:\/\/eschoolbank.com\/croazia\/?page_id=649"},"modified":"2023-06-11T09:47:55","modified_gmt":"2023-06-11T07:47:55","slug":"e-sb-mobile-app","status":"publish","type":"page","link":"https:\/\/eschoolbank.com\/croazia\/e-sb-mobile-app\/","title":{"rendered":"e-SB Mobile App"},"content":{"rendered":"\n<p>Postanite korisnik usluge <strong><mark style=\"background-color:rgba(0, 0, 0, 0)\" class=\"has-inline-color has-black-color\">e-School bank<\/mark><\/strong> mobilnog bankarstva za fizi\u010dke osobe brzo i jednostavno. Popunjenu <mark style=\"background-color:rgba(0, 0, 0, 0)\" class=\"has-inline-color has-vivid-cyan-blue-color\"><strong><a rel=\"noreferrer noopener\" href=\"https:\/\/eschoolbank.com\/croazia\/wp-content\/uploads\/sites\/3\/2023\/06\/Pristupnica-za-mobilno-bankarstvo.pdf\" data-type=\"URL\" data-id=\"https:\/\/eschoolbank.com\/croazia\/wp-content\/uploads\/sites\/3\/2023\/06\/Pristupnica-za-mobilno-bankarstvo.pdf\" target=\"_blank\">pristupnicu<\/a><\/strong><\/mark> predajte u bilo kojoj poslovnici <mark style=\"background-color:rgba(0, 0, 0, 0)\" class=\"has-inline-color has-black-color\"><strong>e-School bank<\/strong>.<\/mark><\/p>\n\n\n<div class=\"wp-block-image\">\n<figure class=\"aligncenter size-large\"><img loading=\"lazy\" decoding=\"async\" width=\"1280\" height=\"720\" src=\"https:\/\/eschoolbank.com\/croazia\/wp-content\/uploads\/sites\/3\/2023\/06\/holiday-shopping-1921658_1280-1-edited.jpg\" alt=\"\" class=\"wp-image-1043\" srcset=\"https:\/\/eschoolbank.com\/croazia\/wp-content\/uploads\/sites\/3\/2023\/06\/holiday-shopping-1921658_1280-1-edited.jpg 1280w, https:\/\/eschoolbank.com\/croazia\/wp-content\/uploads\/sites\/3\/2023\/06\/holiday-shopping-1921658_1280-1-edited-300x169.jpg 300w, https:\/\/eschoolbank.com\/croazia\/wp-content\/uploads\/sites\/3\/2023\/06\/holiday-shopping-1921658_1280-1-edited-1024x576.jpg 1024w, https:\/\/eschoolbank.com\/croazia\/wp-content\/uploads\/sites\/3\/2023\/06\/holiday-shopping-1921658_1280-1-edited-768x432.jpg 768w, https:\/\/eschoolbank.com\/croazia\/wp-content\/uploads\/sites\/3\/2023\/06\/holiday-shopping-1921658_1280-1-edited-1140x641.jpg 1140w\" sizes=\"(max-width: 1280px) 100vw, 1280px\" \/><\/figure><\/div>\n\n\n<p><strong><mark style=\"background-color:rgba(0, 0, 0, 0)\" class=\"has-inline-color has-vivid-cyan-blue-color\">e-SB<\/mark> mobilno bankarstvo Vam omogu\u0107ava:<\/strong><\/p>\n\n\n\n<ul class=\"wp-block-list\">\n<li>Kori\u0161tenje bankarskih usluga bilo kada i bilo gdje na zaslonu Va\u0161eg mobitela ili tableta<\/li>\n\n\n\n<li>Jednostavan pregled svih ugovorenih usluga<\/li>\n\n\n\n<li>Jednostavan uvid u stanje svih ra\u010duna<\/li>\n\n\n\n<li>Siguran, brz i povoljan na\u010din obavljanja transakcija<\/li>\n<\/ul>\n\n\n\n<div class=\"wp-block-columns is-layout-flex wp-container-core-columns-is-layout-1 wp-block-columns-is-layout-flex\">\n<div class=\"wp-block-column is-layout-flow wp-block-column-is-layout-flow\">\n<figure class=\"wp-block-image size-large\"><img loading=\"lazy\" decoding=\"async\" width=\"1024\" height=\"682\" src=\"https:\/\/eschoolbank.com\/croazia\/wp-content\/uploads\/sites\/3\/2023\/06\/samsung-1283938_1280-1024x682.jpg\" alt=\"\" class=\"wp-image-1002\" srcset=\"https:\/\/eschoolbank.com\/croazia\/wp-content\/uploads\/sites\/3\/2023\/06\/samsung-1283938_1280-1024x682.jpg 1024w, https:\/\/eschoolbank.com\/croazia\/wp-content\/uploads\/sites\/3\/2023\/06\/samsung-1283938_1280-300x200.jpg 300w, https:\/\/eschoolbank.com\/croazia\/wp-content\/uploads\/sites\/3\/2023\/06\/samsung-1283938_1280-768x512.jpg 768w, https:\/\/eschoolbank.com\/croazia\/wp-content\/uploads\/sites\/3\/2023\/06\/samsung-1283938_1280-1140x760.jpg 1140w, https:\/\/eschoolbank.com\/croazia\/wp-content\/uploads\/sites\/3\/2023\/06\/samsung-1283938_1280.jpg 1280w\" sizes=\"(max-width: 1024px) 100vw, 1024px\" \/><\/figure>\n<\/div>\n\n\n\n<div class=\"wp-block-column is-layout-flow wp-block-column-is-layout-flow\">\n<figure class=\"wp-block-image size-large\"><img loading=\"lazy\" decoding=\"async\" width=\"1024\" height=\"682\" src=\"https:\/\/eschoolbank.com\/croazia\/wp-content\/uploads\/sites\/3\/2023\/06\/mobile-phone-1917737_1280-1024x682.jpg\" alt=\"\" class=\"wp-image-1003\" srcset=\"https:\/\/eschoolbank.com\/croazia\/wp-content\/uploads\/sites\/3\/2023\/06\/mobile-phone-1917737_1280-1024x682.jpg 1024w, https:\/\/eschoolbank.com\/croazia\/wp-content\/uploads\/sites\/3\/2023\/06\/mobile-phone-1917737_1280-300x200.jpg 300w, https:\/\/eschoolbank.com\/croazia\/wp-content\/uploads\/sites\/3\/2023\/06\/mobile-phone-1917737_1280-768x512.jpg 768w, https:\/\/eschoolbank.com\/croazia\/wp-content\/uploads\/sites\/3\/2023\/06\/mobile-phone-1917737_1280-1140x760.jpg 1140w, https:\/\/eschoolbank.com\/croazia\/wp-content\/uploads\/sites\/3\/2023\/06\/mobile-phone-1917737_1280.jpg 1280w\" sizes=\"(max-width: 1024px) 100vw, 1024px\" \/><\/figure>\n<\/div>\n\n\n\n<div class=\"wp-block-column is-layout-flow wp-block-column-is-layout-flow\">\n<figure class=\"wp-block-image size-large\"><img loading=\"lazy\" decoding=\"async\" width=\"1024\" height=\"654\" src=\"https:\/\/eschoolbank.com\/croazia\/wp-content\/uploads\/sites\/3\/2023\/06\/phone-1869510_1280-1024x654.jpg\" alt=\"\" class=\"wp-image-1000\" srcset=\"https:\/\/eschoolbank.com\/croazia\/wp-content\/uploads\/sites\/3\/2023\/06\/phone-1869510_1280-1024x654.jpg 1024w, https:\/\/eschoolbank.com\/croazia\/wp-content\/uploads\/sites\/3\/2023\/06\/phone-1869510_1280-300x191.jpg 300w, https:\/\/eschoolbank.com\/croazia\/wp-content\/uploads\/sites\/3\/2023\/06\/phone-1869510_1280-768x490.jpg 768w, https:\/\/eschoolbank.com\/croazia\/wp-content\/uploads\/sites\/3\/2023\/06\/phone-1869510_1280-1140x728.jpg 1140w, https:\/\/eschoolbank.com\/croazia\/wp-content\/uploads\/sites\/3\/2023\/06\/phone-1869510_1280.jpg 1280w\" sizes=\"(max-width: 1024px) 100vw, 1024px\" \/><\/figure>\n<\/div>\n<\/div>\n\n\n\n<p>Za sve dodatne informacije kontaktirajte nas putem e-mail adrese <mark style=\"background-color:rgba(0, 0, 0, 0)\" class=\"has-inline-color has-vivid-cyan-blue-color\"><strong>eschoolbank@gmail.com<\/strong><\/mark> ili nam se obratite u na\u0161u najbli\u017eu poslovnicu.<\/p>\n","protected":false},"excerpt":{"rendered":"<p>Postanite korisnik usluge e-School bank mobilnog bankarstva za fizi\u010dke osobe brzo i jednostavno. Popunjenu pristupnicu predajte u bilo kojoj poslovnici e-School bank. e-SB mobilno bankarstvo Vam omogu\u0107ava: Za sve dodatne informacije kontaktirajte nas putem e-mail adrese eschoolbank@gmail.com ili nam se obratite u na\u0161u najbli\u017eu poslovnicu.<\/p>\n","protected":false},"author":1,"featured_media":0,"parent":0,"menu_order":0,"comment_status":"closed","ping_status":"closed","template":"","meta":{"footnotes":""},"class_list":["post-649","page","type-page","status-publish","hentry"],"_links":{"self":[{"href":"https:\/\/eschoolbank.com\/croazia\/wp-json\/wp\/v2\/pages\/649"}],"collection":[{"href":"https:\/\/eschoolbank.com\/croazia\/wp-json\/wp\/v2\/pages"}],"about":[{"href":"https:\/\/eschoolbank.com\/croazia\/wp-json\/wp\/v2\/types\/page"}],"author":[{"embeddable":true,"href":"https:\/\/eschoolbank.com\/croazia\/wp-json\/wp\/v2\/users\/1"}],"replies":[{"embeddable":true,"href":"https:\/\/eschoolbank.com\/croazia\/wp-json\/wp\/v2\/comments?post=649"}],"version-history":[{"count":20,"href":"https:\/\/eschoolbank.com\/croazia\/wp-json\/wp\/v2\/pages\/649\/revisions"}],"predecessor-version":[{"id":1224,"href":"https:\/\/eschoolbank.com\/croazia\/wp-json\/wp\/v2\/pages\/649\/revisions\/1224"}],"wp:attachment":[{"href":"https:\/\/eschoolbank.com\/croazia\/wp-json\/wp\/v2\/media?parent=649"}],"curies":[{"name":"wp","href":"https:\/\/api.w.org\/{rel}","templated":true}]}}