{"id":3597,"date":"2024-03-03T14:12:45","date_gmt":"2024-03-03T13:12:45","guid":{"rendered":"https:\/\/eschoolbank.com\/croazia\/?page_id=3597"},"modified":"2026-03-03T11:55:38","modified_gmt":"2026-03-03T10:55:38","slug":"e-school-bank-otvoreni-racuni","status":"publish","type":"page","link":"https:\/\/eschoolbank.com\/croazia\/e-school-bank-otvoreni-racuni\/","title":{"rendered":"e-School bank &#8211; Otvoreni ra\u010duni"},"content":{"rendered":"\n<div class=\"wp-block-group\"><div class=\"wp-block-group__inner-container is-layout-constrained wp-block-group-is-layout-constrained\">\n<figure class=\"wp-block-table aligncenter is-style-stripes\" id=\"model-pnbp\"><table class=\"has-pale-cyan-blue-background-color has-background\"><thead><tr><th class=\"has-text-align-center\" data-align=\"center\">NAZIV PRAVNE OSOBE<\/th><th class=\"has-text-align-center\" data-align=\"center\">IBAN<\/th><th class=\"has-text-align-center\" data-align=\"center\">E-MAIL<\/th><\/tr><\/thead><tbody><tr><td class=\"has-text-align-center\" data-align=\"center\">e-School Bank poslovnica Dubrovnik<\/td><td class=\"has-text-align-center\" data-align=\"center\">HR71 <strong>2038500<\/strong> 1023755398<\/td><td class=\"has-text-align-center\" data-align=\"center\">eschoolbank@gmail.com<\/td><\/tr><tr><td class=\"has-text-align-center\" data-align=\"center\">ALPHABET d.o.o.<\/td><td class=\"has-text-align-center\" data-align=\"center\">HR23 <strong>2000000<\/strong> 1131514607<\/td><td class=\"has-text-align-center\" data-align=\"center\"><\/td><\/tr><tr><td class=\"has-text-align-center\" data-align=\"center\">AUTO GUME EU d.o.o.<\/td><td class=\"has-text-align-center\" data-align=\"center\">HR90 <strong>2000000<\/strong> 1189372398<\/td><td class=\"has-text-align-center\" data-align=\"center\"><\/td><\/tr><tr><td class=\"has-text-align-center\" data-align=\"center\">AUTO \u0160KOLA JUG d.o.o.<\/td><td class=\"has-text-align-center\" data-align=\"center\">HR74 <strong>2000000<\/strong> 1181176132<\/td><td class=\"has-text-align-center\" data-align=\"center\"><\/td><\/tr><tr><td class=\"has-text-align-center\" data-align=\"center\">CREDIT CARD d.o.o.<\/td><td class=\"has-text-align-center\" data-align=\"center\">HR38 <strong>2000000<\/strong> 1187589041<\/td><td class=\"has-text-align-center\" data-align=\"center\"><\/td><\/tr><tr><td class=\"has-text-align-center\" data-align=\"center\">\u010cISTO\u0106A d.o.o.<\/td><td class=\"has-text-align-center\" data-align=\"center\">HR21 <strong>2000000<\/strong> 1194945745<\/td><td class=\"has-text-align-center\" data-align=\"center\"><\/td><\/tr><tr><td class=\"has-text-align-center\" data-align=\"center\">DESIGN STUDIO ETD<\/td><td class=\"has-text-align-center\" data-align=\"center\">HR80 <strong>2000000<\/strong> 1120216169<\/td><td class=\"has-text-align-center\" data-align=\"center\">dizajneri.etd@gmail.com<\/td><\/tr><tr><td class=\"has-text-align-center\" data-align=\"center\"><strong><mark style=\"background-color:rgba(0, 0, 0, 0)\" class=\"has-inline-color has-vivid-red-color\">DOPRINOSI ZA MIO I. STUP<\/mark><\/strong><\/td><td class=\"has-text-align-center\" data-align=\"center\"><mark style=\"background-color:rgba(0, 0, 0, 0)\" class=\"has-inline-color has-vivid-red-color\">HR76 <strong>1001005<\/strong> 1863000160<\/mark><\/td><td class=\"has-text-align-center\" data-align=\"center\"><\/td><\/tr><tr><td class=\"has-text-align-center\" data-align=\"center\"><strong><mark style=\"background-color:rgba(0, 0, 0, 0)\" class=\"has-inline-color has-vivid-red-color\">DOPRINOSI ZA MIO II. STUP<\/mark><\/strong><\/td><td class=\"has-text-align-center\" data-align=\"center\"><strong><mark style=\"background-color:rgba(0, 0, 0, 0)\" class=\"has-inline-color has-vivid-red-color\">HR76 1001005 <\/mark><\/strong><mark style=\"background-color:rgba(0, 0, 0, 0)\" class=\"has-inline-color has-vivid-red-color\">1700036001<\/mark><\/td><td class=\"has-text-align-center\" data-align=\"center\"><\/td><\/tr><tr><td class=\"has-text-align-center\" data-align=\"center\"><strong><mark style=\"background-color:rgba(0, 0, 0, 0)\" class=\"has-inline-color has-vivid-red-color\">DOPRINOSI ZA OBV. ZDRAV. OSIG.<\/mark><\/strong><\/td><td class=\"has-text-align-center\" data-align=\"center\"><mark style=\"background-color:rgba(0, 0, 0, 0)\" class=\"has-inline-color has-vivid-red-color\">HR65 <strong>1001005<\/strong> 1550100001<\/mark><\/td><td class=\"has-text-align-center\" data-align=\"center\"><\/td><\/tr><tr><td class=\"has-text-align-center\" data-align=\"center\">DUCLEANING d.o.o.<\/td><td class=\"has-text-align-center\" data-align=\"center\">HR75 <strong>2000000<\/strong> 1158348202<\/td><td class=\"has-text-align-center\" data-align=\"center\"><\/td><\/tr><tr><td class=\"has-text-align-center\" data-align=\"center\">DR\u017dAVNI PRORA\u010cUN<\/td><td class=\"has-text-align-center\" data-align=\"center\">HR96 <strong>1001000<\/strong> 1111315857<\/td><td class=\"has-text-align-center\" data-align=\"center\"><\/td><\/tr><tr><td class=\"has-text-align-center\" data-align=\"center\">EKO&amp;EKO d.o.o.<\/td><td class=\"has-text-align-center\" data-align=\"center\">HR21 <strong>20000000<\/strong> 1160409428<\/td><td class=\"has-text-align-center\" data-align=\"center\">ekoekodubrovnik@gmail.com<\/td><\/tr><tr><td class=\"has-text-align-center\" data-align=\"center\">ELEKTRA d.o.o.<\/td><td class=\"has-text-align-center\" data-align=\"center\">HR30 <strong>2000000<\/strong> 1199941850<\/td><td class=\"has-text-align-center\" data-align=\"center\"><\/td><\/tr><tr><td class=\"has-text-align-center\" data-align=\"center\">HRVATSKA GOSPODARSKA KOMORA<\/td><td class=\"has-text-align-center\" data-align=\"center\">HR79 <strong>1010000<\/strong> 1119620191<\/td><td class=\"has-text-align-center\" data-align=\"center\"><\/td><\/tr><tr><td class=\"has-text-align-center\" data-align=\"center\">HRVATSKA RADIO TELEVIZIJA<\/td><td class=\"has-text-align-center\" data-align=\"center\">HR52 <strong>2000000<\/strong> 1189962159<\/td><td class=\"has-text-align-center\" data-align=\"center\"><\/td><\/tr><tr><td class=\"has-text-align-center\" data-align=\"center\">INTERNET USLUGE d.o.o.<\/td><td class=\"has-text-align-center\" data-align=\"center\">HR53 <strong>2000000<\/strong> 1111445862<\/td><td class=\"has-text-align-center\" data-align=\"center\"><\/td><\/tr><tr><td class=\"has-text-align-center\" data-align=\"center\">NOBILES d.o.o.<\/td><td class=\"has-text-align-center\" data-align=\"center\">HR62 <strong>2000000<\/strong> 1162529680<\/td><td class=\"has-text-align-center\" data-align=\"center\"><\/td><\/tr><tr><td class=\"has-text-align-center\" data-align=\"center\">OCEANIS DU d.o.o.<\/td><td class=\"has-text-align-center\" data-align=\"center\">HR34 <strong>2000000<\/strong> 1182506173<\/td><td class=\"has-text-align-center\" data-align=\"center\"><\/td><\/tr><tr><td class=\"has-text-align-center\" data-align=\"center\">ONLINE STORE d.o.o.<\/td><td class=\"has-text-align-center\" data-align=\"center\">HR87 <strong>2000000<\/strong> 1163604247<\/td><td class=\"has-text-align-center\" data-align=\"center\"><\/td><\/tr><tr><td class=\"has-text-align-center\" data-align=\"center\">OSIGURANJE A1 d.o.o.<\/td><td class=\"has-text-align-center\" data-align=\"center\">HR31 <strong>2000000<\/strong> 1125648798<\/td><td class=\"has-text-align-center\" data-align=\"center\"><\/td><\/tr><tr><td class=\"has-text-align-center\" data-align=\"center\">PARKING d.o.o.<\/td><td class=\"has-text-align-center\" data-align=\"center\">HR21 <strong>2000000<\/strong> 1187766887<\/td><td class=\"has-text-align-center\" data-align=\"center\"><\/td><\/tr><tr><td class=\"has-text-align-center\" data-align=\"center\"><strong><mark style=\"background-color:rgba(0, 0, 0, 0)\" class=\"has-inline-color has-vivid-red-color\">POREZ NA DOHODAK ZAGREB<\/mark><\/strong><\/td><td class=\"has-text-align-center\" data-align=\"center\"><mark style=\"background-color:rgba(0, 0, 0, 0)\" class=\"has-inline-color has-vivid-red-color\">HR73 <strong>1001005<\/strong> 1713312009<\/mark><\/td><td class=\"has-text-align-center\" data-align=\"center\"><\/td><\/tr><tr><td class=\"has-text-align-center\" data-align=\"center\"><strong><mark style=\"background-color:rgba(0, 0, 0, 0)\" class=\"has-inline-color has-vivid-red-color\">POREZ NA DOHODAK DUBROVNIK<\/mark><\/strong><\/td><td class=\"has-text-align-center\" data-align=\"center\"><mark style=\"background-color:rgba(0, 0, 0, 0)\" class=\"has-inline-color has-vivid-red-color\">HR73 <strong>1001005<\/strong> 1709812006<\/mark><\/td><td class=\"has-text-align-center\" data-align=\"center\"><\/td><\/tr><tr><td class=\"has-text-align-center\" data-align=\"center\">SIGNORA DALMATA d.o.o.<\/td><td class=\"has-text-align-center\" data-align=\"center\">HR13 <strong>2000000<\/strong> 1146414378<\/td><td class=\"has-text-align-center\" data-align=\"center\"><\/td><\/tr><tr><td class=\"has-text-align-center\" data-align=\"center\">SLASTI\u010cARNA LOLLIPOP d.o.o.<\/td><td class=\"has-text-align-center\" data-align=\"center\">HR28 <strong>2000000<\/strong> 1113161707<\/td><td class=\"has-text-align-center\" data-align=\"center\">slasticarnicalollipop@gmail.com<\/td><\/tr><tr><td class=\"has-text-align-center\" data-align=\"center\">HRVATSKI TELEKOM HR d.d.<\/td><td class=\"has-text-align-center\" data-align=\"center\">HR24 <strong>2000000<\/strong> 1116295302<\/td><td class=\"has-text-align-center\" data-align=\"center\"><\/td><\/tr><tr><td class=\"has-text-align-center\" data-align=\"center\">TRAVEL FOREVER d.o.o.<\/td><td class=\"has-text-align-center\" data-align=\"center\">HR16 <strong>2000000<\/strong> 1190866977<\/td><td class=\"has-text-align-center\" data-align=\"center\"><\/td><\/tr><tr><td class=\"has-text-align-center\" data-align=\"center\">TURISTI\u010cKA ZAJEDNICA DUBROVNIK<\/td><td class=\"has-text-align-center\" data-align=\"center\">HR75 <strong>2000000<\/strong> 1198029463<\/td><td class=\"has-text-align-center\" data-align=\"center\"><\/td><\/tr><tr><td class=\"has-text-align-center\" data-align=\"center\">U.O. ZA KOMUNALNE DJELATNOSTI<\/td><td class=\"has-text-align-center\" data-align=\"center\">HR45 <strong>2000000<\/strong> 1183548652<\/td><td class=\"has-text-align-center\" data-align=\"center\"><\/td><\/tr><tr><td class=\"has-text-align-center\" data-align=\"center\">VANF store d.o.o.<\/td><td class=\"has-text-align-center\" data-align=\"center\">HR50 <strong>2000000 <\/strong>1135753012<\/td><td class=\"has-text-align-center\" data-align=\"center\"><\/td><\/tr><tr><td class=\"has-text-align-center\" data-align=\"center\">VT AGRO LIVNO d.o.o.<\/td><td class=\"has-text-align-center\" data-align=\"center\">HR11 <strong>8010100<\/strong> 1182145548<\/td><td class=\"has-text-align-center\" data-align=\"center\">agro.livno@gmail.com<\/td><\/tr><tr><td class=\"has-text-align-center\" data-align=\"center\">VT BALLOONA d.o.o.<\/td><td class=\"has-text-align-center\" data-align=\"center\">HR42 <strong>4300000<\/strong> 1128231226<\/td><td class=\"has-text-align-center\" data-align=\"center\">vtballoona@gmail.com<br><a href=\"https:\/\/www.instagram.com\/balloonavt\/\" target=\"_blank\" rel=\"noreferrer noopener\">Instagram<\/a><\/td><\/tr><tr><td class=\"has-text-align-center\" data-align=\"center\">VT CROBIC d.o.o.<\/td><td class=\"has-text-align-center\" data-align=\"center\">HR92 <strong>4300000<\/strong> 1138469851<\/td><td class=\"has-text-align-center\" data-align=\"center\">vtcrobic@gmail.com<\/td><\/tr><tr><td class=\"has-text-align-center\" data-align=\"center\">VT EKO \u0110IR d.o.o.<\/td><td class=\"has-text-align-center\" data-align=\"center\">HR43 <strong>2000000<\/strong> 1145782338<\/td><td class=\"has-text-align-center\" data-align=\"center\">vtekodjir@gmail.com<br><a rel=\"noreferrer noopener\" href=\"https:\/\/www.instagram.com\/vt_ekodjir\/\" target=\"_blank\">Instagram<\/a><\/td><\/tr><tr><td class=\"has-text-align-center\" data-align=\"center\">VT EUROVITA d.o.o.<\/td><td class=\"has-text-align-center\" data-align=\"center\">HR98 <strong>4300000<\/strong> 1156454556<\/td><td class=\"has-text-align-center\" data-align=\"center\">eurovita00@gmail.com<\/td><\/tr><tr><td class=\"has-text-align-center\" data-align=\"center\">VT FIGURAJ d.o.o.<\/td><td class=\"has-text-align-center\" data-align=\"center\">HR96 <strong>2000000<\/strong> 1126463941<\/td><td class=\"has-text-align-center\" data-align=\"center\">vtfiguraj@gmail.com<br><a rel=\"noreferrer noopener\" href=\"https:\/\/www.instagram.com\/vtfiguraj\/\" target=\"_blank\">Instagram<\/a><\/td><\/tr><tr><td class=\"has-text-align-center\" data-align=\"center\">VT FRESCO d.o.o.<\/td><td class=\"has-text-align-center\" data-align=\"center\">HR78 <strong>2035500<\/strong> 1134020236<\/td><td class=\"has-text-align-center\" data-align=\"center\">vtfresco@gmail.com<\/td><\/tr><tr><td class=\"has-text-align-center\" data-align=\"center\">VT GREEN RELEAF d.o.o.<\/td><td class=\"has-text-align-center\" data-align=\"center\">HR25 <strong>2000000<\/strong> 1158453116<\/td><td class=\"has-text-align-center\" data-align=\"center\">vt.greenreleaf@gmail.com<br><a href=\"https:\/\/www.instagram.com\/vt_greenreleaf_\/\">Instagram<\/a><\/td><\/tr><tr><td class=\"has-text-align-center\" data-align=\"center\">VT GLANC &amp; GLAM d.o.o.<\/td><td class=\"has-text-align-center\" data-align=\"center\">HR20 <strong>2000000<\/strong> 1113784265<\/td><td class=\"has-text-align-center\" data-align=\"center\">glanc.glam@gmail.com<br><a href=\"https:\/\/www.instagram.com\/glanc.and.glam\/\">Instagram<\/a><\/td><\/tr><tr><td class=\"has-text-align-center\" data-align=\"center\">VT HORIZONT d.o.o.<\/td><td class=\"has-text-align-center\" data-align=\"center\">HR72 <strong>2000000<\/strong> 1159850256<\/td><td class=\"has-text-align-center\" data-align=\"center\">vthorizontdoo@gmail.com<br><a href=\"https:\/\/www.instagram.com\/vthorizont_doo\/\">Instagram<\/a><\/td><\/tr><tr><td class=\"has-text-align-center\" data-align=\"center\">VT JE\u017dINA d.o.o.<\/td><td class=\"has-text-align-center\" data-align=\"center\">HR16 <strong>2027000<\/strong> 1131578448<\/td><td class=\"has-text-align-center\" data-align=\"center\">jezina.2023@gmail.com<br><a href=\"https:\/\/www.instagram.com\/jezina_23\/\" target=\"_blank\" rel=\"noreferrer noopener\">Instagram<\/a><\/td><\/tr><tr><td class=\"has-text-align-center\" data-align=\"center\">VT LIRIO d.o.o.<\/td><td class=\"has-text-align-center\" data-align=\"center\">HR18 <strong>4300000<\/strong> 1171255198<\/td><td class=\"has-text-align-center\" data-align=\"center\">lirio@gmail.com<\/td><\/tr><tr><td class=\"has-text-align-center\" data-align=\"center\">VT MALI PUTNIK d.o.o.<\/td><td class=\"has-text-align-center\" data-align=\"center\">HR 32 <strong>2000000<\/strong> 1143119320<\/td><td class=\"has-text-align-center\" data-align=\"center\">vtmaliputnik@gmail.com<br><a href=\"https:\/\/www.instagram.com\/vtmaliputnik\/\" target=\"_blank\" rel=\"noreferrer noopener\">Instagram<\/a><\/td><\/tr><tr><td class=\"has-text-align-center\" data-align=\"center\">VT MEDENKO d.o.o.<\/td><td class=\"has-text-align-center\" data-align=\"center\">HR96 <strong>2000000<\/strong> 1123376788<\/td><td class=\"has-text-align-center\" data-align=\"center\">medenko.vt@gmail.com<br><a href=\"https:\/\/www.instagram.com\/vt_medenko\/\" target=\"_blank\" rel=\"noreferrer noopener\">Instagram<\/a><\/td><\/tr><tr><td class=\"has-text-align-center\" data-align=\"center\">VT NJUSHKA d.o.o.<\/td><td class=\"has-text-align-center\" data-align=\"center\">HR50 <strong>2000000<\/strong> 1184924959<\/td><td class=\"has-text-align-center\" data-align=\"center\">vtnjushka@gmail.com<br><a href=\"https:\/\/www.instagram.com\/vt_njushka\/\" target=\"_blank\" rel=\"noreferrer noopener\">Instagram<\/a><\/td><\/tr><tr><td class=\"has-text-align-center\" data-align=\"center\">VT OLENTIA d.o.o.<\/td><td class=\"has-text-align-center\" data-align=\"center\">HR89 <strong>2030000<\/strong> 1183967262<\/td><td class=\"has-text-align-center\" data-align=\"center\">olentia.vt@gmail.com<br><a rel=\"noreferrer noopener\" href=\"https:\/\/www.instagram.com\/olentia.vt\/\" target=\"_blank\">Instagram<\/a><\/td><\/tr><tr><td class=\"has-text-align-center\" data-align=\"center\">VT PRINTFACTION d.o.o.<\/td><td class=\"has-text-align-center\" data-align=\"center\">HR72 <strong>2000000<\/strong> 1180451731<\/td><td class=\"has-text-align-center\" data-align=\"center\">printfaction@gmail.com<br><a rel=\"noreferrer noopener\" href=\"https:\/\/www.instagram.com\/vt_printfaction\/\" target=\"_blank\">Instagram<\/a><\/td><\/tr><tr><td class=\"has-text-align-center\" data-align=\"center\">VT REBONA d.o.o.<\/td><td class=\"has-text-align-center\" data-align=\"center\">HR48 <strong>2030000<\/strong> 1167542719<\/td><td class=\"has-text-align-center\" data-align=\"center\">rebonadoo@gmail.com<br><a rel=\"noreferrer noopener\" href=\"https:\/\/www.instagram.com\/vt_rebona\/\" target=\"_blank\">Instagram<\/a><\/td><\/tr><tr><td class=\"has-text-align-center\" data-align=\"center\">VT SIP OPUZEN d.o.o.<\/td><td class=\"has-text-align-center\" data-align=\"center\">HR41 <strong>2035500<\/strong> 1178037300<\/td><td class=\"has-text-align-center\" data-align=\"center\"><\/td><\/tr><tr><td class=\"has-text-align-center\" data-align=\"center\">VT TORNARE 365 d.o.o.<\/td><td class=\"has-text-align-center\" data-align=\"center\">HR65 <strong>4300000<\/strong> 1135190013<\/td><td class=\"has-text-align-center\" data-align=\"center\">tornare365@gmail.com<br><a href=\"https:\/\/www.instagram.com\/tornare.365\/\" target=\"_blank\" rel=\"noreferrer noopener\">Instagram<\/a><\/td><\/tr><tr><td class=\"has-text-align-center\" data-align=\"center\">VT VIA DU d.o.o.<\/td><td class=\"has-text-align-center\" data-align=\"center\">HR73 <strong>2038500<\/strong> 1195843479<\/td><td class=\"has-text-align-center\" data-align=\"center\">vtviadu@gmail.com<br><a rel=\"noreferrer noopener\" href=\"https:\/\/www.instagram.com\/viadu_d.o.o\/\" target=\"_blank\">Instagram<\/a><\/td><\/tr><tr><td class=\"has-text-align-center\" data-align=\"center\">VT TEA d.o.o.<\/td><td class=\"has-text-align-center\" data-align=\"center\">HR23 <strong>2100000<\/strong> 1189840958<\/td><td class=\"has-text-align-center\" data-align=\"center\">ebsprofesor006@gmail.com<br><a href=\"https:\/\/www.instagram.com\/vtteadoo\/\" target=\"_blank\" rel=\"noreferrer noopener\">Instagram<\/a><\/td><\/tr><tr><td class=\"has-text-align-center\" data-align=\"center\">VT GALLETA d.o.o.<\/td><td class=\"has-text-align-center\" data-align=\"center\">HR42 <strong>2035500<\/strong> 1151828996<\/td><td class=\"has-text-align-center\" data-align=\"center\">vtgalleta@gmail.com<\/td><\/tr><tr><td class=\"has-text-align-center\" data-align=\"center\">VT EUforija d.o.o. <\/td><td class=\"has-text-align-center\" data-align=\"center\">HR19 <strong>2027000<\/strong> 1137881976<\/td><td class=\"has-text-align-center\" data-align=\"center\">euforija.vt@gmail.com<br><a href=\"https:\/\/www.instagram.com\/euforija_vt2023\/\" target=\"_blank\" rel=\"noreferrer noopener\">Instagram<\/a><\/td><\/tr><tr><td class=\"has-text-align-center\" data-align=\"center\">VODOVOD d.o.o.<\/td><td class=\"has-text-align-center\" data-align=\"center\">HR11 <strong>2000000<\/strong> 1165624410<\/td><td class=\"has-text-align-center\" data-align=\"center\"><\/td><\/tr><tr><td class=\"has-text-align-center\" data-align=\"center\">&#8230;<\/td><td class=\"has-text-align-center\" data-align=\"center\"><\/td><td class=\"has-text-align-center\" data-align=\"center\"><\/td><\/tr><\/tbody><\/table><\/figure>\n<\/div><\/div>\n","protected":false},"excerpt":{"rendered":"<p>NAZIV PRAVNE OSOBE IBAN E-MAIL e-School Bank poslovnica Dubrovnik HR71 2038500 1023755398 eschoolbank@gmail.com ALPHABET d.o.o. HR23 2000000 1131514607 AUTO GUME EU d.o.o. HR90 2000000 1189372398 AUTO \u0160KOLA JUG d.o.o. HR74 2000000 1181176132 CREDIT CARD d.o.o. HR38 2000000 1187589041 \u010cISTO\u0106A d.o.o. HR21 2000000 1194945745 DESIGN STUDIO ETD HR80 2000000 1120216169 dizajneri.etd@gmail.com DOPRINOSI ZA MIO I. STUP HR76 1001005 1863000160 DOPRINOSI ZA MIO II. STUP HR76 1001005 1700036001 DOPRINOSI ZA OBV. ZDRAV. OSIG. HR65 1001005 1550100001 DUCLEANING d.o.o. HR75 2000000 1158348202 DR\u017dAVNI PRORA\u010cUN HR96 1001000 1111315857 EKO&amp;EKO d.o.o. HR21 20000000 1160409428 ekoekodubrovnik@gmail.com ELEKTRA d.o.o. HR30 2000000 1199941850 HRVATSKA GOSPODARSKA KOMORA HR79 1010000 1119620191 HRVATSKA RADIO TELEVIZIJA HR52 2000000 1189962159 INTERNET USLUGE d.o.o. HR53 2000000 1111445862 NOBILES d.o.o. HR62 2000000 1162529680 OCEANIS DU d.o.o. HR34 2000000 1182506173 ONLINE STORE d.o.o. HR87 2000000 1163604247 OSIGURANJE A1 d.o.o. HR31 2000000 1125648798 PARKING d.o.o. HR21 2000000 1187766887 POREZ NA DOHODAK ZAGREB HR73 1001005 1713312009 POREZ NA DOHODAK DUBROVNIK HR73 1001005 1709812006 SIGNORA DALMATA d.o.o. HR13 2000000 1146414378 SLASTI\u010cARNA LOLLIPOP d.o.o. HR28 2000000 1113161707 slasticarnicalollipop@gmail.com HRVATSKI TELEKOM HR d.d. HR24 2000000 1116295302 TRAVEL FOREVER d.o.o. HR16 2000000 1190866977 TURISTI\u010cKA ZAJEDNICA DUBROVNIK HR75 2000000 1198029463 U.O. ZA KOMUNALNE DJELATNOSTI HR45 2000000 1183548652 VANF store d.o.o. HR50 2000000 1135753012 VT AGRO LIVNO d.o.o. HR11 8010100 1182145548 agro.livno@gmail.com VT BALLOONA d.o.o. HR42 4300000 1128231226 vtballoona@gmail.comInstagram VT CROBIC d.o.o. HR92 4300000 1138469851 vtcrobic@gmail.com VT EKO \u0110IR d.o.o. HR43 2000000 1145782338 vtekodjir@gmail.comInstagram VT EUROVITA d.o.o. HR98 4300000 1156454556 eurovita00@gmail.com VT FIGURAJ d.o.o. HR96 2000000 1126463941 vtfiguraj@gmail.comInstagram VT FRESCO d.o.o. HR78 2035500 1134020236 vtfresco@gmail.com VT GREEN RELEAF d.o.o. HR25 2000000 1158453116 vt.greenreleaf@gmail.comInstagram VT GLANC &amp; GLAM d.o.o. HR20 2000000 1113784265 glanc.glam@gmail.comInstagram VT HORIZONT d.o.o. HR72 2000000 1159850256 vthorizontdoo@gmail.comInstagram VT JE\u017dINA d.o.o. HR16 2027000 1131578448 jezina.2023@gmail.comInstagram VT LIRIO d.o.o. HR18 4300000 1171255198 lirio@gmail.com VT MALI PUTNIK d.o.o. HR 32 2000000 1143119320 vtmaliputnik@gmail.comInstagram VT MEDENKO d.o.o. HR96 2000000 1123376788 medenko.vt@gmail.comInstagram VT NJUSHKA d.o.o. HR50 2000000 1184924959 vtnjushka@gmail.comInstagram VT OLENTIA d.o.o. HR89 2030000 1183967262 olentia.vt@gmail.comInstagram VT PRINTFACTION d.o.o. HR72 2000000 1180451731 printfaction@gmail.comInstagram VT REBONA d.o.o. HR48 2030000 1167542719 rebonadoo@gmail.comInstagram VT SIP OPUZEN d.o.o. HR41 2035500 1178037300 VT TORNARE 365 d.o.o. HR65 4300000 1135190013 tornare365@gmail.comInstagram VT VIA DU d.o.o. HR73 2038500 1195843479 vtviadu@gmail.comInstagram VT TEA d.o.o. HR23 2100000 1189840958 ebsprofesor006@gmail.comInstagram VT GALLETA d.o.o. HR42 2035500 1151828996 vtgalleta@gmail.com VT EUforija d.o.o. HR19 2027000 1137881976 euforija.vt@gmail.comInstagram VODOVOD d.o.o. HR11 2000000 1165624410 &#8230;<\/p>\n","protected":false},"author":1,"featured_media":0,"parent":0,"menu_order":0,"comment_status":"closed","ping_status":"closed","template":"","meta":{"footnotes":""},"class_list":["post-3597","page","type-page","status-publish","hentry"],"_links":{"self":[{"href":"https:\/\/eschoolbank.com\/croazia\/wp-json\/wp\/v2\/pages\/3597"}],"collection":[{"href":"https:\/\/eschoolbank.com\/croazia\/wp-json\/wp\/v2\/pages"}],"about":[{"href":"https:\/\/eschoolbank.com\/croazia\/wp-json\/wp\/v2\/types\/page"}],"author":[{"embeddable":true,"href":"https:\/\/eschoolbank.com\/croazia\/wp-json\/wp\/v2\/users\/1"}],"replies":[{"embeddable":true,"href":"https:\/\/eschoolbank.com\/croazia\/wp-json\/wp\/v2\/comments?post=3597"}],"version-history":[{"count":95,"href":"https:\/\/eschoolbank.com\/croazia\/wp-json\/wp\/v2\/pages\/3597\/revisions"}],"predecessor-version":[{"id":4589,"href":"https:\/\/eschoolbank.com\/croazia\/wp-json\/wp\/v2\/pages\/3597\/revisions\/4589"}],"wp:attachment":[{"href":"https:\/\/eschoolbank.com\/croazia\/wp-json\/wp\/v2\/media?parent=3597"}],"curies":[{"name":"wp","href":"https:\/\/api.w.org\/{rel}","templated":true}]}}