{"id":2080,"date":"2023-06-22T22:19:54","date_gmt":"2023-06-22T20:19:54","guid":{"rendered":"https:\/\/eschoolbank.com\/croazia\/?page_id=2080"},"modified":"2024-11-18T18:39:17","modified_gmt":"2024-11-18T17:39:17","slug":"kontakti","status":"publish","type":"page","link":"https:\/\/eschoolbank.com\/croazia\/kontakti\/","title":{"rendered":"Kontakti"},"content":{"rendered":"\n<figure class=\"wp-block-video aligncenter\"><video autoplay controls loop src=\"https:\/\/eschoolbank.com\/croazia\/wp-content\/uploads\/sites\/3\/2024\/11\/contact-2860030_1280.mp4\" playsinline><\/video><\/figure>\n\n\n\n<div class=\"wp-block-columns is-layout-flex wp-container-core-columns-is-layout-1 wp-block-columns-is-layout-flex\">\n<div class=\"wp-block-column is-layout-flow wp-block-column-is-layout-flow\" style=\"flex-basis:100%\">\n<p class=\"has-text-align-center\" style=\"text-transform:none\">Uz prethodnu najavu posjetite nas u na\u0161oj poslovnici u Dubrovniku na adresi Ekonomska i trgova\u010dka \u0161kola, Iva Vojnovi\u0107a 12A, Dubrovnik 20000, Hrvatska<\/p>\n\n\n\n<p class=\"has-text-align-center\">Mobitel: +385 99 2150590 &#8211; <strong>eschoolbank@gmail.com<\/strong><\/p>\n<\/div>\n<\/div>\n","protected":false},"excerpt":{"rendered":"<p>Uz prethodnu najavu posjetite nas u na\u0161oj poslovnici u Dubrovniku na adresi Ekonomska i trgova\u010dka \u0161kola, Iva Vojnovi\u0107a 12A, Dubrovnik 20000, Hrvatska Mobitel: +385 99 2150590 &#8211; eschoolbank@gmail.com<\/p>\n","protected":false},"author":1,"featured_media":0,"parent":0,"menu_order":0,"comment_status":"closed","ping_status":"closed","template":"","meta":{"footnotes":""},"class_list":["post-2080","page","type-page","status-publish","hentry"],"_links":{"self":[{"href":"https:\/\/eschoolbank.com\/croazia\/wp-json\/wp\/v2\/pages\/2080"}],"collection":[{"href":"https:\/\/eschoolbank.com\/croazia\/wp-json\/wp\/v2\/pages"}],"about":[{"href":"https:\/\/eschoolbank.com\/croazia\/wp-json\/wp\/v2\/types\/page"}],"author":[{"embeddable":true,"href":"https:\/\/eschoolbank.com\/croazia\/wp-json\/wp\/v2\/users\/1"}],"replies":[{"embeddable":true,"href":"https:\/\/eschoolbank.com\/croazia\/wp-json\/wp\/v2\/comments?post=2080"}],"version-history":[{"count":141,"href":"https:\/\/eschoolbank.com\/croazia\/wp-json\/wp\/v2\/pages\/2080\/revisions"}],"predecessor-version":[{"id":4341,"href":"https:\/\/eschoolbank.com\/croazia\/wp-json\/wp\/v2\/pages\/2080\/revisions\/4341"}],"wp:attachment":[{"href":"https:\/\/eschoolbank.com\/croazia\/wp-json\/wp\/v2\/media?parent=2080"}],"curies":[{"name":"wp","href":"https:\/\/api.w.org\/{rel}","templated":true}]}}