{"id":14,"date":"2023-01-09T19:04:29","date_gmt":"2023-01-09T18:04:29","guid":{"rendered":"http:\/\/localhost\/multisito\/croazia\/?page_id=14"},"modified":"2024-10-28T22:32:34","modified_gmt":"2024-10-28T21:32:34","slug":"zajmovi","status":"publish","type":"page","link":"https:\/\/eschoolbank.com\/croazia\/zajmovi\/","title":{"rendered":"Krediti za fizi\u010dke osobe"},"content":{"rendered":"\n<div class=\"wp-block-media-text is-stacked-on-mobile is-vertically-aligned-center\" style=\"grid-template-columns:31% auto\"><figure class=\"wp-block-media-text__media\"><a class=\"\" href=\"https:\/\/eschoolbank.com\/croazia\/wp-content\/uploads\/sites\/3\/2023\/11\/Zahtjev-za-kredit.pdf\" target=\"_blank\" rel=\"Zahtjev za kredit noopener\"><img loading=\"lazy\" decoding=\"async\" width=\"300\" height=\"287\" src=\"https:\/\/eschoolbank.com\/croazia\/wp-content\/uploads\/sites\/3\/2023\/11\/loan-40681_1280-1-300x287.png\" alt=\"\" class=\"wp-image-3281 size-medium\" srcset=\"https:\/\/eschoolbank.com\/croazia\/wp-content\/uploads\/sites\/3\/2023\/11\/loan-40681_1280-1-300x287.png 300w, https:\/\/eschoolbank.com\/croazia\/wp-content\/uploads\/sites\/3\/2023\/11\/loan-40681_1280-1-1024x980.png 1024w, https:\/\/eschoolbank.com\/croazia\/wp-content\/uploads\/sites\/3\/2023\/11\/loan-40681_1280-1-768x735.png 768w, https:\/\/eschoolbank.com\/croazia\/wp-content\/uploads\/sites\/3\/2023\/11\/loan-40681_1280-1-1140x1091.png 1140w, https:\/\/eschoolbank.com\/croazia\/wp-content\/uploads\/sites\/3\/2023\/11\/loan-40681_1280-1.png 1280w\" sizes=\"(max-width: 300px) 100vw, 300px\" \/><\/a><\/figure><div class=\"wp-block-media-text__content\">\n<p class=\"has-text-align-center\"><strong>Gotovinski \/ potro\u0161a\u010dki krediti<\/strong><\/p>\n\n\n\n<p class=\"has-text-align-center\">\u017divot je samo jedan, \u017eivite ga svaki dan i zato se usudite sanjati! Putovanje? Ure\u0111enje stambenog prostora? Novi automobil ili motor? Ljetovanje ili zimovanje? Pretvorite svoje snove u stvarnost uz posebnu ponudu e-SB gotovinskih kredita! Bez naknade za obradu kredita. Dugo planirano putovanje, skijanje, vrijedan poklon za blisku osobu i jo\u0161 mnogo toga &#8211; sada na dohvat ruke s gotovinskim kreditima e-SB banke. Prije podizanja nenamjenskog gotovinskog kredita informirajte se o naj\u010de\u0161\u0107im pitanjima i prou\u010dite definicije i obja\u0161njenja va\u017enih pojmova.<\/p>\n<\/div><\/div>\n\n\n<p>\n\n\n<\/p>\n<p><strong>Dozvoljeno prekora\u010denje<\/strong><\/p>\n<p>\n\n\n\n<\/p>\n<p>Mogu\u0107i iznos dozvoljenog prekora\u010denja ovisi o va\u0161oj kreditnoj sposobnosti. Ne morate koristiti cijeli iznos odobrenog prekora\u010denja ve\u0107 onaj iznos koji vam je potreban. Kamata se pla\u0107a samo na iskori\u0161teni dio odobrenog prekora\u010denja, a ne na ukupni iznos koji vam je odobren. Otplata prekora\u010denja po teku\u0107em ra\u010dunu obavlja se uplatama na teku\u0107i ra\u010dun. Ako zakasnite sa pla\u0107anjem bilo koje nov\u010dane obveze Banka \u0107e od prvog dana na svaki takav iznos obra\u010dunati i naplatiti zateznu kamatu.<\/p>\n<p>\n\n\n<\/p>\n\n\n<figure class=\"wp-block-image size-large\"><img loading=\"lazy\" decoding=\"async\" width=\"1024\" height=\"634\" src=\"https:\/\/eschoolbank.com\/croazia\/wp-content\/uploads\/sites\/3\/2023\/06\/fantasy-3502188_1280-1024x634.jpg\" alt=\"\" class=\"wp-image-1217\" srcset=\"https:\/\/eschoolbank.com\/croazia\/wp-content\/uploads\/sites\/3\/2023\/06\/fantasy-3502188_1280-1024x634.jpg 1024w, https:\/\/eschoolbank.com\/croazia\/wp-content\/uploads\/sites\/3\/2023\/06\/fantasy-3502188_1280-300x186.jpg 300w, https:\/\/eschoolbank.com\/croazia\/wp-content\/uploads\/sites\/3\/2023\/06\/fantasy-3502188_1280-768x476.jpg 768w, https:\/\/eschoolbank.com\/croazia\/wp-content\/uploads\/sites\/3\/2023\/06\/fantasy-3502188_1280-1140x706.jpg 1140w, https:\/\/eschoolbank.com\/croazia\/wp-content\/uploads\/sites\/3\/2023\/06\/fantasy-3502188_1280.jpg 1280w\" sizes=\"(max-width: 1024px) 100vw, 1024px\" \/><\/figure>\n\n\n<p><strong>Stambeni krediti<\/strong><\/p>\n<p>\u017divjeti po svom, u vlastitom prostoru, dat \u0107e vam osje\u0107aj mira, ponosa i zadovoljstva samim sobom. Proglasite neovisnost uz vlastite kvadrate uz na\u0161 stambeni kredit po jo\u0161 povoljnijim uvjetima!<br \/>Krediti se odobravaju svim kreditno sposobni gra\u0111anima Republike Hrvatske (kreditna sposobnost klijenta utvr\u0111uje se individualno, sukladno aktima banke).<br \/>Klijent je osoba koja svoja redovna mjese\u010dna primanja usmjerava na teku\u0107i\/devizni ra\u010dun u na\u0161oj e-SB banci. Kredit je osiguran hipotekom na nekretnini. Po stambenim kreditima koji se ugovaraju uz promjenjivu kamatnu stopu ili uz fiksnu kamatnu stopu na odre\u0111eni period pa promjenjivu postoji rizik promjene kamatne stope koji mo\u017ee utjecati na promjenu visine ukupne ugovorne obveze kao i anuiteta\/rata izra\u017eeno u doma\u0107oj valuti, koje pla\u0107a potro\u0161a\u010d. Po kreditu je obvezno sklapanje ugovora o dodatnim uslugama: ugovor o teku\u0107em ra\u010dunu za slu\u010daj ostvarivanja statusa klijenta, polica osiguranja imovine i po potrebi polica osiguranja \u017eivota. S ciljem \u0161to boljeg informiranja klijenata, kao i podizanja razine transparentnosti uvjeta kreditnih proizvoda, pozivamo na\u0161e klijente da provjere sve informacije o uvjetima kreditiranja poslovnih banaka s podru\u010dja Republike Hrvatske.<\/p>\n<p><strong>Hipotekarni krediti<\/strong><\/p>\n<p>Posebna vrsta nenamjenskog kredita s rokom dospije\u0107a od 10 do 20 godina, a iznimno i do 30 godina.<br \/>Osiguranje kredita &#8211; upis hipoteke odnosno zalog prava na nekretnini. Kredite odobravamo u iznosu ni\u017eem od promete ili procijenjene vrijednosti nekretnine, naj\u010de\u0161\u0107e od 50 do 80 % procijenjene vrijednosti.<br \/>Korisnici ove vrste kredita su osobe koje udovoljavaju uvjetima kreditne sposobnosti (mogu\u0107e je i sudu\u017eni\u0161tvo) i ne smiju biti starije od 72 godine u trenutku dospije\u0107a zadnjeg anuiteta.<\/p>\n\n\n<figure class=\"wp-block-image size-large\"><img loading=\"lazy\" decoding=\"async\" width=\"1024\" height=\"682\" src=\"https:\/\/eschoolbank.com\/croazia\/wp-content\/uploads\/sites\/3\/2023\/06\/home-3370178_1280-1024x682.jpg\" alt=\"\" class=\"wp-image-1103\" srcset=\"https:\/\/eschoolbank.com\/croazia\/wp-content\/uploads\/sites\/3\/2023\/06\/home-3370178_1280-1024x682.jpg 1024w, https:\/\/eschoolbank.com\/croazia\/wp-content\/uploads\/sites\/3\/2023\/06\/home-3370178_1280-300x200.jpg 300w, https:\/\/eschoolbank.com\/croazia\/wp-content\/uploads\/sites\/3\/2023\/06\/home-3370178_1280-768x512.jpg 768w, https:\/\/eschoolbank.com\/croazia\/wp-content\/uploads\/sites\/3\/2023\/06\/home-3370178_1280-1140x760.jpg 1140w, https:\/\/eschoolbank.com\/croazia\/wp-content\/uploads\/sites\/3\/2023\/06\/home-3370178_1280.jpg 1280w\" sizes=\"(max-width: 1024px) 100vw, 1024px\" \/><\/figure>\n\n\n<p><strong>Lombardni krediti<\/strong><\/p>\n<p>Potrebna su vam dodatna sredstva, a ne \u017eelite prijevremeno prekinuti oro\u010denje sredstava? Znate li da va\u0161a \u0161tednja mo\u017ee biti osiguranje Va\u0161em kreditu? Ugovorite lombardni kredit u e-SB banci u visini do 95% iznosa oro\u010denih sredstava bez obzira na valutu. Bez jamaca i dodatnog osiguranja. Va\u0161a \u0161tednja je osiguranje va\u0161em kreditu. Kamatna stopa povoljnija je u odnosu na ostale nenamjenske kredite.<br \/>Jednostavno bez ovjere potpisa i solemnizacije kod javnog bilje\u017enika!<br \/>Po otplati kredita raspola\u017eete glavnicom depozita uve\u0107anom za ugovorenu kamatu.<br \/>Uvjeti: nenamjenski kredit temeljem oro\u010denog garantnog depozita u e-SB. Iznos kredita je do max 95% iznosa garantnog depozita.<br \/>Kamatna stopa na kredit: 2,5 postotna boda vi\u0161a od kamatne stope ugovorene na garantni depozit; godi\u0161nja, fiksna.<br \/>Rok otplate kredita: do 10 godina, a rok oro\u010davanja depozita je mjesec dana du\u017ei rok od datuma dospije\u0107a zadnjeg anuiteta po kreditu.<br \/>Naknada za obradu kredita: 0,50% iznosa kredita, maksimalno 150,00 EUR.<\/p>\n<p><strong>Studentski krediti<\/strong><\/p>\n<p>Ulaganje u obrazovanje je ulaganje u budu\u0107nost, a za najbolji izbor studija je ponekad potrebna financijska podr\u0161ka. Ako je u planu upis ili nastavak \u017eeljenog studija ili pak odlazak na \u0161kolovanje u inozemstvo, uz e-SB Studentski kredit za obrazovanje prona\u0111ite pravo financijsko rje\u0161enje!<br \/>Trebaju vam dodatna sredstva za financiranje \u0161kolovanja ili tro\u0161kova \u017eivota za vrijeme studiranja?<br \/>Tko su korisnici studentskog kredita: studenti na preddiplomskim, diplomskim i poslijediplomskim studijima, sa statusom redovnog ili izvanrednog studenta koji studiraju i na dr\u017eavnim i na privatnim fakultetima, uklju\u010duju\u0107i i studente koji su na studiju u inozemstvu (kreditna sposobnost utvr\u0111uje se individualno, sukladno aktima Banke). Status klijenta e-SB banke je obavezan, ali mo\u017ee se ostvariti naknadno, u roku od 3 mjeseca.<\/p>\n<p><strong>Turisti\u010dki krediti<\/strong><\/p>\n<p>Ako se bavite iznajmljivanjem smje\u0161taja, iskoristite pogodnosti turisti\u010dkog kredita kako bi pripremili svoje smje\u0161tajne kapacitete i najzahtjevnijim gostima.<\/p>\n<p>Bilo da kupujete, gradite ili adaptirate postoje\u0107e kapacitete ili gradite bazen i ure\u0111ujete okoli\u0161, pobolj\u0161ajte svoju uslugu i pripremite se za sezonu uz e-SB turisti\u010dki kredit.<br \/>Mogu\u0107nost izbora mjese\u010dne ili godi\u0161nje otplate kredita. Isplata iznosa odobrenog kredita na teku\u0107i ra\u010dun ili u gotovini. Mogu\u0107nost realizacije bez hipoteke za manje iznose kredita.<br \/>Korisnik kredita mo\u017ee biti i osoba koja ostvaruje prihod samo od bavljenja turizmom.<br \/>Namjena kredita mo\u017ee biti kupnja, izgradnja, dovr\u0161enje, dogradnja, nadogradnja ili rekonstrukcija smje\u0161tajnih kapaciteta<br \/>&#8211; adaptacija, ure\u0111enje i opremanje smje\u0161tajnih kapaciteta<br \/>&#8211; gradnja bazena ili ure\u0111enje oku\u0107nice te refinanciranje turisti\u010dkih kredita u drugim bankama.<\/p>\n\n\n<figure class=\"wp-block-gallery has-nested-images columns-default is-cropped wp-block-gallery-1 is-layout-flex wp-block-gallery-is-layout-flex\">\n<figure class=\"wp-block-image size-large\"><img loading=\"lazy\" decoding=\"async\" width=\"1024\" height=\"676\" data-id=\"1234\" src=\"https:\/\/eschoolbank.com\/croazia\/wp-content\/uploads\/sites\/3\/2023\/06\/finance-4858797_1280-1024x676.jpg\" alt=\"\" class=\"wp-image-1234\" srcset=\"https:\/\/eschoolbank.com\/croazia\/wp-content\/uploads\/sites\/3\/2023\/06\/finance-4858797_1280-1024x676.jpg 1024w, https:\/\/eschoolbank.com\/croazia\/wp-content\/uploads\/sites\/3\/2023\/06\/finance-4858797_1280-300x198.jpg 300w, https:\/\/eschoolbank.com\/croazia\/wp-content\/uploads\/sites\/3\/2023\/06\/finance-4858797_1280-768x507.jpg 768w, https:\/\/eschoolbank.com\/croazia\/wp-content\/uploads\/sites\/3\/2023\/06\/finance-4858797_1280-1140x753.jpg 1140w, https:\/\/eschoolbank.com\/croazia\/wp-content\/uploads\/sites\/3\/2023\/06\/finance-4858797_1280-500x330.jpg 500w, https:\/\/eschoolbank.com\/croazia\/wp-content\/uploads\/sites\/3\/2023\/06\/finance-4858797_1280.jpg 1280w\" sizes=\"(max-width: 1024px) 100vw, 1024px\" \/><\/figure>\n\n\n\n<figure class=\"wp-block-image size-large\"><img loading=\"lazy\" decoding=\"async\" width=\"1024\" height=\"682\" data-id=\"1109\" src=\"https:\/\/eschoolbank.com\/croazia\/wp-content\/uploads\/sites\/3\/2023\/06\/auto-financing-2157347_1280-1024x682.jpg\" alt=\"\" class=\"wp-image-1109\" srcset=\"https:\/\/eschoolbank.com\/croazia\/wp-content\/uploads\/sites\/3\/2023\/06\/auto-financing-2157347_1280-1024x682.jpg 1024w, https:\/\/eschoolbank.com\/croazia\/wp-content\/uploads\/sites\/3\/2023\/06\/auto-financing-2157347_1280-300x200.jpg 300w, https:\/\/eschoolbank.com\/croazia\/wp-content\/uploads\/sites\/3\/2023\/06\/auto-financing-2157347_1280-768x512.jpg 768w, https:\/\/eschoolbank.com\/croazia\/wp-content\/uploads\/sites\/3\/2023\/06\/auto-financing-2157347_1280-1140x760.jpg 1140w, https:\/\/eschoolbank.com\/croazia\/wp-content\/uploads\/sites\/3\/2023\/06\/auto-financing-2157347_1280.jpg 1280w\" sizes=\"(max-width: 1024px) 100vw, 1024px\" \/><\/figure>\n<\/figure>\n\n\n<p><strong>Auto krediti<\/strong><\/p>\n<p>Vozite energetski u\u010dinkovito vozilo uz e-SB kredite za kupnju energetski u\u010dinkovitih vozila bez naknade za obradu kredita, bez naknade za prijevremenu otplatu kredita i uz povoljniju kamatnu stopu!<br \/>Kupnja energetski u\u010dinkovitih vozila sufinancirana od Fonda za za\u0161titu okoli\u0161a i energetsku u\u010dinkovitost.<br \/>Namjena kredita je kupnja energetski u\u010dinkovitih vozila. Korisnici kredita ste svi vi kreditno sposobni gra\u0111ani Republike Hrvatske (kreditna sposobnost utvr\u0111uje se individualno, sukladno aktima Banke). Status klijenta je obavezan, ali mo\u017ee se ostvariti naknadno, u roku od 3 mjeseca, a klijent je osoba koja svoja redovna mjese\u010dna primanja usmjerava na teku\u0107i ra\u010dun u e-SB banci.<\/p>\n\n<div class=\"wp-block-image\">\n<figure class=\"aligncenter size-large is-resized\"><img loading=\"lazy\" decoding=\"async\" width=\"1024\" height=\"349\" src=\"https:\/\/eschoolbank.com\/croazia\/wp-content\/uploads\/sites\/3\/2023\/06\/Approved-Denied-1024x349.png\" alt=\"\" class=\"wp-image-1127\" style=\"width:414px;height:141px\" srcset=\"https:\/\/eschoolbank.com\/croazia\/wp-content\/uploads\/sites\/3\/2023\/06\/Approved-Denied-1024x349.png 1024w, https:\/\/eschoolbank.com\/croazia\/wp-content\/uploads\/sites\/3\/2023\/06\/Approved-Denied-300x102.png 300w, https:\/\/eschoolbank.com\/croazia\/wp-content\/uploads\/sites\/3\/2023\/06\/Approved-Denied-768x262.png 768w, https:\/\/eschoolbank.com\/croazia\/wp-content\/uploads\/sites\/3\/2023\/06\/Approved-Denied-1140x388.png 1140w, https:\/\/eschoolbank.com\/croazia\/wp-content\/uploads\/sites\/3\/2023\/06\/Approved-Denied.png 1280w\" sizes=\"(max-width: 1024px) 100vw, 1024px\" \/><\/figure><\/div>","protected":false},"excerpt":{"rendered":"<p>Gotovinski \/ potro\u0161a\u010dki krediti \u017divot je samo jedan, \u017eivite ga svaki dan i zato se usudite sanjati! Putovanje? Ure\u0111enje stambenog prostora? Novi automobil ili motor? Ljetovanje ili zimovanje? Pretvorite svoje snove u stvarnost uz posebnu ponudu e-SB gotovinskih kredita! Bez naknade za obradu kredita. Dugo planirano putovanje, skijanje, vrijedan poklon za blisku osobu i jo\u0161 mnogo toga &#8211; sada na dohvat ruke s gotovinskim kreditima e-SB banke. Prije podizanja nenamjenskog gotovinskog kredita informirajte se o naj\u010de\u0161\u0107im pitanjima i prou\u010dite definicije i obja\u0161njenja va\u017enih pojmova. Dozvoljeno prekora\u010denje Mogu\u0107i iznos dozvoljenog prekora\u010denja ovisi o va\u0161oj kreditnoj sposobnosti. Ne morate koristiti cijeli iznos odobrenog prekora\u010denja ve\u0107 onaj iznos koji vam je potreban. Kamata se pla\u0107a samo na iskori\u0161teni dio odobrenog prekora\u010denja, a ne na ukupni iznos koji vam je odobren. Otplata prekora\u010denja po teku\u0107em ra\u010dunu obavlja se uplatama na teku\u0107i ra\u010dun. Ako zakasnite sa pla\u0107anjem bilo koje nov\u010dane obveze Banka \u0107e od prvog dana na svaki takav iznos obra\u010dunati i naplatiti zateznu kamatu. Stambeni krediti \u017divjeti po svom, u vlastitom prostoru, dat \u0107e vam osje\u0107aj mira, ponosa i zadovoljstva samim sobom. Proglasite neovisnost uz vlastite kvadrate uz na\u0161 stambeni kredit po jo\u0161 povoljnijim uvjetima!Krediti se odobravaju svim kreditno sposobni gra\u0111anima Republike Hrvatske (kreditna sposobnost klijenta utvr\u0111uje se individualno, sukladno aktima banke).Klijent je osoba koja svoja redovna mjese\u010dna primanja usmjerava na teku\u0107i\/devizni ra\u010dun u na\u0161oj e-SB banci. Kredit je osiguran hipotekom na nekretnini. Po stambenim kreditima koji se ugovaraju uz promjenjivu kamatnu stopu ili uz fiksnu kamatnu stopu na odre\u0111eni period pa promjenjivu postoji rizik promjene kamatne stope koji mo\u017ee utjecati na promjenu visine ukupne ugovorne obveze kao i anuiteta\/rata izra\u017eeno u doma\u0107oj valuti, koje pla\u0107a potro\u0161a\u010d. Po kreditu je obvezno sklapanje ugovora o dodatnim uslugama: ugovor o teku\u0107em ra\u010dunu za slu\u010daj ostvarivanja statusa klijenta, polica osiguranja imovine i po potrebi polica osiguranja \u017eivota. S ciljem \u0161to boljeg informiranja klijenata, kao i podizanja razine transparentnosti uvjeta kreditnih proizvoda, pozivamo na\u0161e klijente da provjere sve informacije o uvjetima kreditiranja poslovnih banaka s podru\u010dja Republike Hrvatske. Hipotekarni krediti Posebna vrsta nenamjenskog kredita s rokom dospije\u0107a od 10 do 20 godina, a iznimno i do 30 godina.Osiguranje kredita &#8211; upis hipoteke odnosno zalog prava na nekretnini. Kredite odobravamo u iznosu ni\u017eem od promete ili procijenjene vrijednosti nekretnine, naj\u010de\u0161\u0107e od 50 do 80 % procijenjene vrijednosti.Korisnici ove vrste kredita su osobe koje udovoljavaju uvjetima kreditne sposobnosti (mogu\u0107e je i sudu\u017eni\u0161tvo) i ne smiju biti starije od 72 godine u trenutku dospije\u0107a zadnjeg anuiteta. Lombardni krediti Potrebna su vam dodatna sredstva, a ne \u017eelite prijevremeno prekinuti oro\u010denje sredstava? Znate li da va\u0161a \u0161tednja mo\u017ee biti osiguranje Va\u0161em kreditu? Ugovorite lombardni kredit u e-SB banci u visini do 95% iznosa oro\u010denih sredstava bez obzira na valutu. Bez jamaca i dodatnog osiguranja. Va\u0161a \u0161tednja je osiguranje va\u0161em kreditu. Kamatna stopa povoljnija je u odnosu na ostale nenamjenske kredite.Jednostavno bez ovjere potpisa i solemnizacije kod javnog bilje\u017enika!Po otplati kredita raspola\u017eete glavnicom depozita uve\u0107anom za ugovorenu kamatu.Uvjeti: nenamjenski kredit temeljem oro\u010denog garantnog depozita u e-SB. Iznos kredita je do max 95% iznosa garantnog depozita.Kamatna stopa na kredit: 2,5 postotna boda vi\u0161a od kamatne stope ugovorene na garantni depozit; godi\u0161nja, fiksna.Rok otplate kredita: do 10 godina, a rok oro\u010davanja depozita je mjesec dana du\u017ei rok od datuma dospije\u0107a zadnjeg anuiteta po kreditu.Naknada za obradu kredita: 0,50% iznosa kredita, maksimalno 150,00 EUR. Studentski krediti Ulaganje u obrazovanje je ulaganje u budu\u0107nost, a za najbolji izbor studija je ponekad potrebna financijska podr\u0161ka. Ako je u planu upis ili nastavak \u017eeljenog studija ili pak odlazak na \u0161kolovanje u inozemstvo, uz e-SB Studentski kredit za obrazovanje prona\u0111ite pravo financijsko rje\u0161enje!Trebaju vam dodatna sredstva za financiranje \u0161kolovanja ili tro\u0161kova \u017eivota za vrijeme studiranja?Tko su korisnici studentskog kredita: studenti na preddiplomskim, diplomskim i poslijediplomskim studijima, sa statusom redovnog ili izvanrednog studenta koji studiraju i na dr\u017eavnim i na privatnim fakultetima, uklju\u010duju\u0107i i studente koji su na studiju u inozemstvu (kreditna sposobnost utvr\u0111uje se individualno, sukladno aktima Banke). Status klijenta e-SB banke je obavezan, ali mo\u017ee se ostvariti naknadno, u roku od 3 mjeseca. Turisti\u010dki krediti Ako se bavite iznajmljivanjem smje\u0161taja, iskoristite pogodnosti turisti\u010dkog kredita kako bi pripremili svoje smje\u0161tajne kapacitete i najzahtjevnijim gostima. Bilo da kupujete, gradite ili adaptirate postoje\u0107e kapacitete ili gradite bazen i ure\u0111ujete okoli\u0161, pobolj\u0161ajte svoju uslugu i pripremite se za sezonu uz e-SB turisti\u010dki kredit.Mogu\u0107nost izbora mjese\u010dne ili godi\u0161nje otplate kredita. Isplata iznosa odobrenog kredita na teku\u0107i ra\u010dun ili u gotovini. Mogu\u0107nost realizacije bez hipoteke za manje iznose kredita.Korisnik kredita mo\u017ee biti i osoba koja ostvaruje prihod samo od bavljenja turizmom.Namjena kredita mo\u017ee biti kupnja, izgradnja, dovr\u0161enje, dogradnja, nadogradnja ili rekonstrukcija smje\u0161tajnih kapaciteta&#8211; adaptacija, ure\u0111enje i opremanje smje\u0161tajnih kapaciteta&#8211; gradnja bazena ili ure\u0111enje oku\u0107nice te refinanciranje turisti\u010dkih kredita u drugim bankama. Auto krediti Vozite energetski u\u010dinkovito vozilo uz e-SB kredite za kupnju energetski u\u010dinkovitih vozila bez naknade za obradu kredita, bez naknade za prijevremenu otplatu kredita i uz povoljniju kamatnu stopu!Kupnja energetski u\u010dinkovitih vozila sufinancirana od Fonda za za\u0161titu okoli\u0161a i energetsku u\u010dinkovitost.Namjena kredita je kupnja energetski u\u010dinkovitih vozila. Korisnici kredita ste svi vi kreditno sposobni gra\u0111ani Republike Hrvatske (kreditna sposobnost utvr\u0111uje se individualno, sukladno aktima Banke). Status klijenta je obavezan, ali mo\u017ee se ostvariti naknadno, u roku od 3 mjeseca, a klijent je osoba koja svoja redovna mjese\u010dna primanja usmjerava na teku\u0107i ra\u010dun u e-SB banci.<\/p>\n","protected":false},"author":1,"featured_media":0,"parent":0,"menu_order":0,"comment_status":"closed","ping_status":"closed","template":"","meta":{"footnotes":""},"class_list":["post-14","page","type-page","status-publish","hentry"],"_links":{"self":[{"href":"https:\/\/eschoolbank.com\/croazia\/wp-json\/wp\/v2\/pages\/14"}],"collection":[{"href":"https:\/\/eschoolbank.com\/croazia\/wp-json\/wp\/v2\/pages"}],"about":[{"href":"https:\/\/eschoolbank.com\/croazia\/wp-json\/wp\/v2\/types\/page"}],"author":[{"embeddable":true,"href":"https:\/\/eschoolbank.com\/croazia\/wp-json\/wp\/v2\/users\/1"}],"replies":[{"embeddable":true,"href":"https:\/\/eschoolbank.com\/croazia\/wp-json\/wp\/v2\/comments?post=14"}],"version-history":[{"count":57,"href":"https:\/\/eschoolbank.com\/croazia\/wp-json\/wp\/v2\/pages\/14\/revisions"}],"predecessor-version":[{"id":4176,"href":"https:\/\/eschoolbank.com\/croazia\/wp-json\/wp\/v2\/pages\/14\/revisions\/4176"}],"wp:attachment":[{"href":"https:\/\/eschoolbank.com\/croazia\/wp-json\/wp\/v2\/media?parent=14"}],"curies":[{"name":"wp","href":"https:\/\/api.w.org\/{rel}","templated":true}]}}