{"id":10,"date":"2023-01-09T19:02:40","date_gmt":"2023-01-09T18:02:40","guid":{"rendered":"http:\/\/localhost\/multisito\/croazia\/?page_id=10"},"modified":"2024-11-19T10:07:19","modified_gmt":"2024-11-19T09:07:19","slug":"investirati","status":"publish","type":"page","link":"https:\/\/eschoolbank.com\/croazia\/investirati\/","title":{"rendered":"Ra\u010duni"},"content":{"rendered":"\n<div class=\"wp-block-group\"><div class=\"wp-block-group__inner-container is-layout-constrained wp-block-group-is-layout-constrained\">\n<p><strong>TEKU\u0106I RA\u010cUN<\/strong><\/p>\n<p>Otvorite teku\u0107i ra\u010dun u na\u0161oj e-SB banci i postanite na\u0161 klijent! Sve \u0161to vam je potrebno je valjana osobna iskaznica ili putovnica. Ispunite <span style=\"color: #3366ff;\"><a style=\"color: #3366ff;\" href=\"https:\/\/eschoolbank.com\/croazia\/wp-content\/uploads\/sites\/3\/2023\/06\/Pristupnica-za-TRG-1.pdf\" target=\"_blank\" rel=\"noopener\"><strong>Zahtjev za otvaranje teku\u0107eg ra\u010duna<\/strong><\/a><\/span> i postanite novi korisnik e-SB teku\u0107eg ra\u010duna! Sredstva na va\u0161em teku\u0107em ra\u010dunu uvijek su vam dostupna, a zatrebaju li vam dodatna sredstva tu je i dozvoljeno prekora\u010denje po e-SB teku\u0107em ra\u010dunu.<\/p>\n\n\n\n<div class=\"wp-block-media-text is-stacked-on-mobile is-vertically-aligned-center is-image-fill\" style=\"grid-template-columns:54% auto\"><figure class=\"wp-block-media-text__media\" style=\"background-image:url(https:\/\/eschoolbank.com\/croazia\/wp-content\/uploads\/sites\/3\/2023\/06\/application-1883453_1280-1024x682.jpg);background-position:70% 21%\"><a href=\"https:\/\/form.jotform.com\/242625905191356\" target=\"_blank\" rel=\"Aplication form noopener\"><img loading=\"lazy\" decoding=\"async\" width=\"1024\" height=\"682\" src=\"https:\/\/eschoolbank.com\/croazia\/wp-content\/uploads\/sites\/3\/2023\/06\/application-1883453_1280-1024x682.jpg\" alt=\"\" class=\"wp-image-2247 size-full\" srcset=\"https:\/\/eschoolbank.com\/croazia\/wp-content\/uploads\/sites\/3\/2023\/06\/application-1883453_1280-1024x682.jpg 1024w, https:\/\/eschoolbank.com\/croazia\/wp-content\/uploads\/sites\/3\/2023\/06\/application-1883453_1280-300x200.jpg 300w, https:\/\/eschoolbank.com\/croazia\/wp-content\/uploads\/sites\/3\/2023\/06\/application-1883453_1280-768x512.jpg 768w, https:\/\/eschoolbank.com\/croazia\/wp-content\/uploads\/sites\/3\/2023\/06\/application-1883453_1280-1140x760.jpg 1140w, https:\/\/eschoolbank.com\/croazia\/wp-content\/uploads\/sites\/3\/2023\/06\/application-1883453_1280.jpg 1280w\" sizes=\"(max-width: 1024px) 100vw, 1024px\" \/><\/a><\/figure><div class=\"wp-block-media-text__content\">\n<p class=\"has-text-align-center\"><strong><mark><span style=\"text-decoration: underline;\"><mark style=\"background-color:#ffffff\" class=\"has-inline-color has-black-color\"><a href=\"https:\/\/form.jotform.com\/242625905191356\" target=\"_blank\" rel=\"noreferrer noopener\">Online pristupnica za otvaranje ra\u010duna<\/a><\/mark><\/span><\/mark><\/strong><\/p>\n\n\n\n<p class=\"has-text-align-center\"><mark style=\"background-color:rgba(0, 0, 0, 0)\" class=\"has-inline-color has-black-color\">Ako niste u mogu\u0107nosti osobno posjetiti jednu od na\u0161ih poslovnica, nudimo vam mogu\u0107nost online otvaranja ra\u010duna ispunjavanjem Online pristupnice<\/mark><mark style=\"background-color:rgba(0, 0, 0, 0)\" class=\"has-inline-color has-black-color\">. Nakon toga sve \u0161to se od vas o\u010dekuje je potpisivanje ugovorne dokumentacije o otvaranju ra\u010duna. <\/mark><\/p>\n<\/div><\/div>\n\n\n\n<p><strong>\u017dIRO RA\u010cUN<\/strong><\/p>\n\n\n\n<p>Primate li honorar ili stipendiju? Naknadu od autorskih prava? Ako ostvarujete prihod od samostalnog rada, upravo je \u017eiro ra\u010dun poslovni ra\u010dun namijenjen doma\u0107im i stranim fizi\u010dkim osobama za potrebe teku\u0107eg poslovanja! \u0160to je potrebno za ugovaranje \u017eiro ra\u010duna?<\/p>\n\n\n\n<p>Ispunite <a href=\"https:\/\/form.jotform.com\/242625905191356\" target=\"_blank\" rel=\"noreferrer noopener\"><strong>ON LINE OBRAZAC<\/strong><\/a> ili <a style=\"color: #3366ff;\" href=\"https:\/\/eschoolbank.com\/croazia\/wp-content\/uploads\/sites\/3\/2023\/06\/Pristupnica-za-ZR.pdf\" target=\"_blank\" rel=\"noopener\"><strong>Zahtjev za otvaranje \u017eiro ra\u010duna<\/strong><\/a> i postanite korisnik e-SB \u017eiro ra\u010duna. Prilikom ugovaranja ra\u010duna potrebno je imati va\u017ee\u0107i osobni dokument. Na \u017eiro ra\u010dun mo\u017eete primati dodatne prihode koje ostvarujete; slobodne i stvarala\u010dke djelatnosti, najam nekretnina ili pokretnina, honorari, dopunski rad, rad po ugovoru o djelu, prihodi od imovine i imovinskih prava.<\/p>\n\n\n\n<p><strong>Gdje mogu ugovoriti e-SB \u017eiro ra\u010dun?<\/strong><\/p>\n\n\n\n<p>\u017diro ra\u010dun mo\u017eete ugovoriti u najbli\u017eoj e-SB poslovnici.<\/p>\n\n\n\n<div class=\"wp-block-group\"><div class=\"wp-block-group__inner-container is-layout-constrained wp-block-group-is-layout-constrained\">\n<div class=\"wp-block-columns is-layout-flex wp-container-core-columns-is-layout-2 wp-block-columns-is-layout-flex\">\n<div class=\"wp-block-column is-layout-flow wp-block-column-is-layout-flow\" style=\"flex-basis:100%\">\n<div class=\"wp-block-group\"><div class=\"wp-block-group__inner-container is-layout-constrained wp-block-group-is-layout-constrained\">\n<div class=\"wp-block-columns is-layout-flex wp-container-core-columns-is-layout-1 wp-block-columns-is-layout-flex\">\n<div class=\"wp-block-column is-layout-flow wp-block-column-is-layout-flow\"><div class=\"wp-block-image\">\n<figure class=\"aligncenter size-full is-resized\"><img loading=\"lazy\" decoding=\"async\" width=\"1280\" height=\"853\" src=\"https:\/\/eschoolbank.com\/croazia\/wp-content\/uploads\/sites\/3\/2023\/06\/laptop-3196481_1280-1.jpg\" alt=\"\" class=\"wp-image-1386\" style=\"width:640px;height:427px\" srcset=\"https:\/\/eschoolbank.com\/croazia\/wp-content\/uploads\/sites\/3\/2023\/06\/laptop-3196481_1280-1.jpg 1280w, https:\/\/eschoolbank.com\/croazia\/wp-content\/uploads\/sites\/3\/2023\/06\/laptop-3196481_1280-1-300x200.jpg 300w, https:\/\/eschoolbank.com\/croazia\/wp-content\/uploads\/sites\/3\/2023\/06\/laptop-3196481_1280-1-1024x682.jpg 1024w, https:\/\/eschoolbank.com\/croazia\/wp-content\/uploads\/sites\/3\/2023\/06\/laptop-3196481_1280-1-768x512.jpg 768w, https:\/\/eschoolbank.com\/croazia\/wp-content\/uploads\/sites\/3\/2023\/06\/laptop-3196481_1280-1-1140x760.jpg 1140w\" sizes=\"(max-width: 1280px) 100vw, 1280px\" \/><\/figure><\/div><\/div>\n<\/div>\n<\/div><\/div>\n<\/div>\n<\/div>\n<\/div><\/div>\n\n\n\n<p><\/p>\n\n\n\n<p><strong>ZA\u0160TI\u0106ENI RA\u010cUN<\/strong><\/p>\n\n\n\n<p>Ra\u010dun na koji se upla\u0107uju samo sredstva izuzeta od ovrhe je tzv. za\u0161ti\u0107eni ra\u010dun, a jo\u0161 se neslu\u017ebeno naziva &#8220;35-ica&#8221;, jer po\u010detna dva broja ra\u010duna po\u010dinju sa 35. Kod IBAN konstrukcije za\u0161ti\u0107eni ra\u010dun na <strong><mark style=\"background-color:rgba(0, 0, 0, 0)\" class=\"has-inline-color has-vivid-cyan-blue-color\">12.<\/mark><\/strong> i <strong><mark style=\"background-color:rgba(0, 0, 0, 0)\" class=\"has-inline-color has-vivid-cyan-blue-color\">13.<\/mark><\/strong> poziciji ima brojke <strong><mark style=\"background-color:rgba(0, 0, 0, 0)\" class=\"has-inline-color has-vivid-cyan-blue-color\">3<\/mark><\/strong> i <strong><mark style=\"background-color:rgba(0, 0, 0, 0)\" class=\"has-inline-color has-vivid-cyan-blue-color\">5<\/mark><\/strong> npr. HRXX AAAAAAA <strong><mark style=\"background-color:rgba(0, 0, 0, 0)\" class=\"has-inline-color has-vivid-cyan-blue-color\">35<\/mark><\/strong>BBBBBBBB.<\/p>\n\n\n\n<p>Kada je zbog ovrhe na nov\u010danim sredstvima blokiran teku\u0107i ra\u010dun na koji primamo pla\u0107u, potrebno je otvoriti za\u0161ti\u0107eni ra\u010dun radnika na koji \u0107e se uplatiti sredstva za\u0161ti\u0107ena od ovrhe. Na tom ra\u010dunu se sredstvima mo\u017ee raspolagati bez ograni\u010denja, banka ne napla\u0107uje naknadu za otvaranje, vo\u0111enje i zatvaranje takvog ra\u010duna.<\/p>\n\n\n\n<p><strong><span style=\"text-decoration: underline;\">Otvaranje za\u0161ti\u0107enog ra\u010duna<\/span><\/strong><br><em>U uvjetima ovrhe ovr\u0161enik je du\u017ean Financijskoj agenciji (dalje u tekstu: FINA) dostaviti Obavijest za svako primanje, naknadu ili iznos koji su izuzeti od ovrhe, a upla\u0107uju se ovr\u0161eniku na ra\u010dun u banci.<\/em> <em>Nakon primitka obavijesti od ovr\u0161enika, FINA je du\u017ena bez odgode uplatitelju iz Obavijesti dostaviti podatke o ovr\u0161eniku i vrsti tra\u017ebine za koju je ovrha odre\u0111ena, a radi uskrate uplata izuzetih od ovrhe, te prema banci radi otvaranja posebnog ra\u010duna ovr\u0161enika. Uplatitelj je du\u017ean, odmah po primitku podataka, bez odgode uskratiti uplatu na ovr\u0161enikov ra\u010dun primanja, naknada ili iznosa koji su izuzeti od ovrhe.<\/em><\/p>\n<\/div><\/div>\n","protected":false},"excerpt":{"rendered":"<p>TEKU\u0106I RA\u010cUN Otvorite teku\u0107i ra\u010dun u na\u0161oj e-SB banci i postanite na\u0161 klijent! Sve \u0161to vam je potrebno je valjana osobna iskaznica ili putovnica. Ispunite Zahtjev za otvaranje teku\u0107eg ra\u010duna i postanite novi korisnik e-SB teku\u0107eg ra\u010duna! Sredstva na va\u0161em teku\u0107em ra\u010dunu uvijek su vam dostupna, a zatrebaju li vam dodatna sredstva tu je i dozvoljeno prekora\u010denje po e-SB teku\u0107em ra\u010dunu. Online pristupnica za otvaranje ra\u010duna Ako niste u mogu\u0107nosti osobno posjetiti jednu od na\u0161ih poslovnica, nudimo vam mogu\u0107nost online otvaranja ra\u010duna ispunjavanjem Online pristupnice. Nakon toga sve \u0161to se od vas o\u010dekuje je potpisivanje ugovorne dokumentacije o otvaranju ra\u010duna. \u017dIRO RA\u010cUN Primate li honorar ili stipendiju? Naknadu od autorskih prava? Ako ostvarujete prihod od samostalnog rada, upravo je \u017eiro ra\u010dun poslovni ra\u010dun namijenjen doma\u0107im i stranim fizi\u010dkim osobama za potrebe teku\u0107eg poslovanja! \u0160to je potrebno za ugovaranje \u017eiro ra\u010duna? Ispunite ON LINE OBRAZAC ili Zahtjev za otvaranje \u017eiro ra\u010duna i postanite korisnik e-SB \u017eiro ra\u010duna. Prilikom ugovaranja ra\u010duna potrebno je imati va\u017ee\u0107i osobni dokument. Na \u017eiro ra\u010dun mo\u017eete primati dodatne prihode koje ostvarujete; slobodne i stvarala\u010dke djelatnosti, najam nekretnina ili pokretnina, honorari, dopunski rad, rad po ugovoru o djelu, prihodi od imovine i imovinskih prava. Gdje mogu ugovoriti e-SB \u017eiro ra\u010dun? \u017diro ra\u010dun mo\u017eete ugovoriti u najbli\u017eoj e-SB poslovnici. ZA\u0160TI\u0106ENI RA\u010cUN Ra\u010dun na koji se upla\u0107uju samo sredstva izuzeta od ovrhe je tzv. za\u0161ti\u0107eni ra\u010dun, a jo\u0161 se neslu\u017ebeno naziva &#8220;35-ica&#8221;, jer po\u010detna dva broja ra\u010duna po\u010dinju sa 35. Kod IBAN konstrukcije za\u0161ti\u0107eni ra\u010dun na 12. i 13. poziciji ima brojke 3 i 5 npr. HRXX AAAAAAA 35BBBBBBBB. Kada je zbog ovrhe na nov\u010danim sredstvima blokiran teku\u0107i ra\u010dun na koji primamo pla\u0107u, potrebno je otvoriti za\u0161ti\u0107eni ra\u010dun radnika na koji \u0107e se uplatiti sredstva za\u0161ti\u0107ena od ovrhe. Na tom ra\u010dunu se sredstvima mo\u017ee raspolagati bez ograni\u010denja, banka ne napla\u0107uje naknadu za otvaranje, vo\u0111enje i zatvaranje takvog ra\u010duna. Otvaranje za\u0161ti\u0107enog ra\u010dunaU uvjetima ovrhe ovr\u0161enik je du\u017ean Financijskoj agenciji (dalje u tekstu: FINA) dostaviti Obavijest za svako primanje, naknadu ili iznos koji su izuzeti od ovrhe, a upla\u0107uju se ovr\u0161eniku na ra\u010dun u banci. Nakon primitka obavijesti od ovr\u0161enika, FINA je du\u017ena bez odgode uplatitelju iz Obavijesti dostaviti podatke o ovr\u0161eniku i vrsti tra\u017ebine za koju je ovrha odre\u0111ena, a radi uskrate uplata izuzetih od ovrhe, te prema banci radi otvaranja posebnog ra\u010duna ovr\u0161enika. Uplatitelj je du\u017ean, odmah po primitku podataka, bez odgode uskratiti uplatu na ovr\u0161enikov ra\u010dun primanja, naknada ili iznosa koji su izuzeti od ovrhe.<\/p>\n","protected":false},"author":1,"featured_media":0,"parent":0,"menu_order":0,"comment_status":"closed","ping_status":"closed","template":"","meta":{"footnotes":""},"class_list":["post-10","page","type-page","status-publish","hentry"],"_links":{"self":[{"href":"https:\/\/eschoolbank.com\/croazia\/wp-json\/wp\/v2\/pages\/10"}],"collection":[{"href":"https:\/\/eschoolbank.com\/croazia\/wp-json\/wp\/v2\/pages"}],"about":[{"href":"https:\/\/eschoolbank.com\/croazia\/wp-json\/wp\/v2\/types\/page"}],"author":[{"embeddable":true,"href":"https:\/\/eschoolbank.com\/croazia\/wp-json\/wp\/v2\/users\/1"}],"replies":[{"embeddable":true,"href":"https:\/\/eschoolbank.com\/croazia\/wp-json\/wp\/v2\/comments?post=10"}],"version-history":[{"count":134,"href":"https:\/\/eschoolbank.com\/croazia\/wp-json\/wp\/v2\/pages\/10\/revisions"}],"predecessor-version":[{"id":4375,"href":"https:\/\/eschoolbank.com\/croazia\/wp-json\/wp\/v2\/pages\/10\/revisions\/4375"}],"wp:attachment":[{"href":"https:\/\/eschoolbank.com\/croazia\/wp-json\/wp\/v2\/media?parent=10"}],"curies":[{"name":"wp","href":"https:\/\/api.w.org\/{rel}","templated":true}]}}